{"id":20669,"date":"2023-04-28T22:22:24","date_gmt":"2023-04-28T22:22:24","guid":{"rendered":"https:\/\/municipalidaddenebaj.com\/?page_id=20669"},"modified":"2025-06-27T23:04:53","modified_gmt":"2025-06-27T23:04:53","slug":"sinacig","status":"publish","type":"page","link":"https:\/\/municipalidaddenebaj.com\/?page_id=20669","title":{"rendered":"SISTEMA NACIONAL DE CONTROL INTERNO GUBERNAMENTAL -SINACIG-"},"content":{"rendered":"\t\t<div data-elementor-type=\"wp-page\" data-elementor-id=\"20669\" class=\"elementor elementor-20669\" data-elementor-settings=\"{&quot;ha_cmc_init_switcher&quot;:&quot;no&quot;}\">\n\t\t\t\t<div class=\"elementor-element elementor-element-7a26ed4 e-con-full e-flex e-con e-parent\" data-id=\"7a26ed4\" data-element_type=\"container\" data-e-type=\"container\" data-settings=\"{&quot;_ha_eqh_enable&quot;:false}\">\n\t\t<div class=\"elementor-element elementor-element-15cd4b5 e-con-full e-flex e-con e-child\" data-id=\"15cd4b5\" data-element_type=\"container\" data-e-type=\"container\" data-settings=\"{&quot;_ha_eqh_enable&quot;:false}\">\n\t\t\t\t<div class=\"elementor-element elementor-element-3251c52 elementor-widget__width-initial elementor-widget elementor-widget-eael-adv-accordion\" data-id=\"3251c52\" data-element_type=\"widget\" data-e-type=\"widget\" data-widget_type=\"eael-adv-accordion.default\">\n\t\t\t\t<div class=\"elementor-widget-container\">\n\t\t\t\t\t            <div class=\"eael-adv-accordion\" id=\"eael-adv-accordion-3251c52\" data-scroll-on-click=\"yes\" data-scroll-speed=\"300\" data-accordion-id=\"3251c52\" data-accordion-type=\"accordion\" data-toogle-speed=\"270\">\n            <div class=\"eael-accordion-list\">\n\t\t\t\t\t<div id=\"https:\/\/municipalidaddenebaj.com\/?page_id=24509\" class=\"elementor-tab-title eael-accordion-header active-default\" tabindex=\"0\" data-tab=\"1\" aria-controls=\"elementor-tab-content-5271\"><span class=\"eael-advanced-accordion-icon-closed\"><svg aria-hidden=\"true\" class=\"fa-accordion-icon e-font-icon-svg e-fas-plus\" viewBox=\"0 0 448 512\" xmlns=\"http:\/\/www.w3.org\/2000\/svg\"><path d=\"M416 208H272V64c0-17.67-14.33-32-32-32h-32c-17.67 0-32 14.33-32 32v144H32c-17.67 0-32 14.33-32 32v32c0 17.67 14.33 32 32 32h144v144c0 17.67 14.33 32 32 32h32c17.67 0 32-14.33 32-32V304h144c17.67 0 32-14.33 32-32v-32c0-17.67-14.33-32-32-32z\"><\/path><\/svg><\/span><span class=\"eael-advanced-accordion-icon-opened\"><svg aria-hidden=\"true\" class=\"fa-accordion-icon e-font-icon-svg e-far-clipboard\" viewBox=\"0 0 384 512\" xmlns=\"http:\/\/www.w3.org\/2000\/svg\"><path d=\"M336 64h-80c0-35.3-28.7-64-64-64s-64 28.7-64 64H48C21.5 64 0 85.5 0 112v352c0 26.5 21.5 48 48 48h288c26.5 0 48-21.5 48-48V112c0-26.5-21.5-48-48-48zM192 40c13.3 0 24 10.7 24 24s-10.7 24-24 24-24-10.7-24-24 10.7-24 24-24zm144 418c0 3.3-2.7 6-6 6H54c-3.3 0-6-2.7-6-6V118c0-3.3 2.7-6 6-6h42v36c0 6.6 5.4 12 12 12h168c6.6 0 12-5.4 12-12v-36h42c3.3 0 6 2.7 6 6z\"><\/path><\/svg><\/span><span class=\"eael-accordion-tab-title\">A\u00d1O  2025 <\/span><svg aria-hidden=\"true\" class=\"fa-toggle e-font-icon-svg e-far-clone\" viewBox=\"0 0 512 512\" xmlns=\"http:\/\/www.w3.org\/2000\/svg\"><path d=\"M464 0H144c-26.51 0-48 21.49-48 48v48H48c-26.51 0-48 21.49-48 48v320c0 26.51 21.49 48 48 48h320c26.51 0 48-21.49 48-48v-48h48c26.51 0 48-21.49 48-48V48c0-26.51-21.49-48-48-48zM362 464H54a6 6 0 0 1-6-6V150a6 6 0 0 1 6-6h42v224c0 26.51 21.49 48 48 48h224v42a6 6 0 0 1-6 6zm96-96H150a6 6 0 0 1-6-6V54a6 6 0 0 1 6-6h308a6 6 0 0 1 6 6v308a6 6 0 0 1-6 6z\"><\/path><\/svg><\/div><div id=\"elementor-tab-content-5271\" class=\"eael-accordion-content clearfix active-default\" data-tab=\"1\" aria-labelledby=\"https:\/\/municipalidaddenebaj.com\/?page_id=24509\"><p><a href=\"https:\/\/municipalidaddenebaj.com\/?page_id=24509\"><span style=\"color: #800080\"><b>SINACIG<\/b><\/span><\/a><\/p><\/div>\n\t\t\t\t\t<\/div><\/div>\t\t\t\t<\/div>\n\t\t\t\t<\/div>\n\t\t\t\t<\/div>\n\t\t\t\t<\/div>\n\t\t<div class=\"elementor-element elementor-element-9fa40a4 e-con-full e-flex e-con e-parent\" data-id=\"9fa40a4\" data-element_type=\"container\" data-e-type=\"container\" data-settings=\"{&quot;_ha_eqh_enable&quot;:false}\">\n\t\t\t\t<div class=\"elementor-element elementor-element-f125643 elementor-widget elementor-widget-text-editor\" data-id=\"f125643\" data-element_type=\"widget\" data-e-type=\"widget\" data-widget_type=\"text-editor.default\">\n\t\t\t\t<div class=\"elementor-widget-container\">\n\t\t\t\t\t\t\t\t\t<p>El Sistema Nacional de Control Interno Gubernamental -SINACIG- es el conjunto de objetivos, responsabilidades, componentes y normas de control interno emitidas por las entidades sujetas a fiscalizaci\u00f3n, para asegurar el cumplimiento de los objetivos fundamentales institucionales.<br \/><br \/>Contempla el dise\u00f1o de los procesos din\u00e1micos de control interno de las entidades, ejecutados por la m\u00e1xima autoridad, equipo de direcci\u00f3n y servidores p\u00fablicos, para alcanzar objetivos institucionales como: ejecuci\u00f3n eficiente y eficaz de los recursos p\u00fablicos, cumplimiento de leyes y regulaciones aplicables, presentaci\u00f3n de informaci\u00f3n financiera y no financiera, salvaguarda de los recursos para evitar p\u00e9rdidas, mal uso y da\u00f1o, cumplimiento de rendici\u00f3n de cuentas.<\/p>\t\t\t\t\t\t\t\t<\/div>\n\t\t\t\t<\/div>\n\t\t\t\t<\/div>\n\t\t<div class=\"elementor-element elementor-element-01da82f e-con-full e-flex e-con e-parent\" data-id=\"01da82f\" data-element_type=\"container\" data-e-type=\"container\" data-settings=\"{&quot;_ha_eqh_enable&quot;:false}\">\n\t\t\t\t<div class=\"elementor-element elementor-element-b539334 elementor-widget elementor-widget-image\" data-id=\"b539334\" data-element_type=\"widget\" data-e-type=\"widget\" data-widget_type=\"image.default\">\n\t\t\t\t<div class=\"elementor-widget-container\">\n\t\t\t\t\t\t\t\t\t\t\t\t\t\t\t<img decoding=\"async\" src=\"https:\/\/municipalidaddenebaj.com\/wp-content\/uploads\/2025\/01\/PORTADA-SINACIG-julio-02.jpg\"  title=\"\"   alt=\"PORTADA-SINACIG-julio-02 SISTEMA NACIONAL DE CONTROL INTERNO GUBERNAMENTAL -SINACIG-\"  loading=\"lazy\" \/>\t\t\t\t\t\t\t\t\t\t\t\t\t\t\t<\/div>\n\t\t\t\t<\/div>\n\t\t\t\t<\/div>\n\t\t\t\t<\/div>\n\t\t","protected":false},"excerpt":{"rendered":"<p>A\u00d1O 2025 SINACIG El Sistema Nacional de Control Interno Gubernamental -SINACIG- es el conjunto de&#8230;<\/p>\n","protected":false},"author":2,"featured_media":0,"parent":0,"menu_order":0,"comment_status":"closed","ping_status":"closed","template":"","meta":{"_eb_attr":"","_monsterinsights_skip_tracking":false,"_monsterinsights_sitenote_active":false,"_monsterinsights_sitenote_note":"","_monsterinsights_sitenote_category":0,"footnotes":""},"class_list":["post-20669","page","type-page","status-publish","hentry"],"_links":{"self":[{"href":"https:\/\/municipalidaddenebaj.com\/index.php?rest_route=\/wp\/v2\/pages\/20669","targetHints":{"allow":["GET"]}}],"collection":[{"href":"https:\/\/municipalidaddenebaj.com\/index.php?rest_route=\/wp\/v2\/pages"}],"about":[{"href":"https:\/\/municipalidaddenebaj.com\/index.php?rest_route=\/wp\/v2\/types\/page"}],"author":[{"embeddable":true,"href":"https:\/\/municipalidaddenebaj.com\/index.php?rest_route=\/wp\/v2\/users\/2"}],"replies":[{"embeddable":true,"href":"https:\/\/municipalidaddenebaj.com\/index.php?rest_route=%2Fwp%2Fv2%2Fcomments&post=20669"}],"version-history":[{"count":0,"href":"https:\/\/municipalidaddenebaj.com\/index.php?rest_route=\/wp\/v2\/pages\/20669\/revisions"}],"wp:attachment":[{"href":"https:\/\/municipalidaddenebaj.com\/index.php?rest_route=%2Fwp%2Fv2%2Fmedia&parent=20669"}],"curies":[{"name":"wp","href":"https:\/\/api.w.org\/{rel}","templated":true}]}}