{"id":35344,"date":"2024-08-09T23:28:20","date_gmt":"2024-08-09T23:28:20","guid":{"rendered":"https:\/\/municipalidaddenebaj.com\/?page_id=35344"},"modified":"2025-07-22T15:21:06","modified_gmt":"2025-07-22T15:21:06","slug":"formulario-para-informacion-publica","status":"publish","type":"page","link":"https:\/\/municipalidaddenebaj.com\/?page_id=35344","title":{"rendered":"FORMULARIO DE SOLICITUD  ART. 38"},"content":{"rendered":"\n<h3 class=\"wp-block-heading\"><strong>Los campos son requeridos. No se dar\u00e1 tr\u00e1mite a la solicitud si se deja alguno de estos campos vac\u00edo<\/strong>.<\/h3>\n\n\n\n<p><\/p>\n\n\n\n<div class=\"wp-block-columns is-layout-flex wp-container-core-columns-is-layout-28f84493 wp-block-columns-is-layout-flex\">\n<div class=\"wp-block-column is-layout-flow wp-block-column-is-layout-flow\" style=\"flex-basis:100%\">\n<div class=\"wp-block-columns is-layout-flex wp-container-core-columns-is-layout-28f84493 wp-block-columns-is-layout-flex\">\n<div class=\"wp-block-column is-layout-flow wp-block-column-is-layout-flow\">\n<div class=\"wp-block-group has-global-padding is-layout-constrained wp-block-group-is-layout-constrained\">\n<div class=\"wp-block-columns is-layout-flex wp-container-core-columns-is-layout-28f84493 wp-block-columns-is-layout-flex\">\n<div class=\"wp-block-column is-layout-flow wp-block-column-is-layout-flow\" style=\"flex-basis:100%\">\n<div class=\"wpcf7 no-js\" id=\"wpcf7-f35343-o1\" lang=\"es-ES\" dir=\"ltr\" data-wpcf7-id=\"35343\">\n<div class=\"screen-reader-response\"><p role=\"status\" aria-live=\"polite\" aria-atomic=\"true\"><\/p> <ul><\/ul><\/div>\n<form action=\"\/index.php?rest_route=%2Fwp%2Fv2%2Fpages%2F35344#wpcf7-f35343-o1\" method=\"post\" class=\"wpcf7-form init\" aria-label=\"Formulario de contacto\" enctype=\"multipart\/form-data\" novalidate=\"novalidate\" data-status=\"init\">\n<fieldset class=\"hidden-fields-container\"><input type=\"hidden\" name=\"_wpcf7\" value=\"35343\" \/><input type=\"hidden\" name=\"_wpcf7_version\" value=\"6.1.5\" \/><input type=\"hidden\" name=\"_wpcf7_locale\" value=\"es_ES\" \/><input type=\"hidden\" name=\"_wpcf7_unit_tag\" value=\"wpcf7-f35343-o1\" \/><input type=\"hidden\" name=\"_wpcf7_container_post\" value=\"0\" \/><input type=\"hidden\" name=\"_wpcf7_posted_data_hash\" value=\"\" \/><input type=\"hidden\" name=\"_wpcf7_recaptcha_response\" value=\"\" \/>\n<\/fieldset>\n<p><label> Solicitante<span class=\"wpcf7-form-control-wrap\" data-name=\"select-363\"><select class=\"wpcf7-form-control wpcf7-select\" aria-invalid=\"false\" name=\"select-363\"><option value=\"\">Opci\u00f3n 1<\/option><option value=\"Opci\u00f3n 2\">Opci\u00f3n 2<\/option><option value=\"Opci\u00f3n 3\">Opci\u00f3n 3<\/option><\/select><\/span><br \/>\n<span class=\"wpcf7-form-control-wrap\" data-name=\"your-name\"><input size=\"40\" maxlength=\"400\" class=\"wpcf7-form-control wpcf7-text wpcf7-validates-as-required\" autocomplete=\"name\" aria-required=\"true\" aria-invalid=\"false\" value=\"\" type=\"text\" name=\"your-name\" \/><\/span> <\/label><br \/>\n<span>Nombres y apellidos del solicitante.<\/span><br \/>\n<span class=\"wpcf7-form-control-wrap\" data-name=\"select-16\"><select class=\"wpcf7-form-control wpcf7-select\" aria-invalid=\"false\" name=\"select-16\"><option value=\"\">Opci\u00f3n 1<\/option><option value=\"Opci\u00f3n 2\">Opci\u00f3n 2<\/option><option value=\"Opci\u00f3n 3\">Opci\u00f3n 3<\/option><\/select><\/span><span class=\"wpcf7-form-control-wrap\" data-name=\"select-428\"><select class=\"wpcf7-form-control wpcf7-select\" aria-invalid=\"false\" name=\"select-428\"><option value=\"\">Opci\u00f3n 1<\/option><option value=\"Opci\u00f3n 2\">Opci\u00f3n 2<\/option><option value=\"Opci\u00f3n 3\">Opci\u00f3n 3<\/option><\/select><\/span><span class=\"wpcf7-form-control-wrap\" data-name=\"date-821\"><input class=\"wpcf7-form-control wpcf7-date wpcf7-validates-as-date\" aria-invalid=\"false\" value=\"\" type=\"date\" name=\"date-821\" \/><\/span><span class=\"wpcf7-form-control-wrap\" data-name=\"number-309\"><input class=\"wpcf7-form-control wpcf7-number wpcf7-validates-as-number\" aria-invalid=\"false\" value=\"\" type=\"number\" name=\"number-309\" \/><\/span><span class=\"wpcf7-form-control-wrap\" data-name=\"url-60\"><input size=\"40\" maxlength=\"400\" class=\"wpcf7-form-control wpcf7-url wpcf7-text wpcf7-validates-as-url\" aria-invalid=\"false\" value=\"\" type=\"url\" name=\"url-60\" \/><\/span><span class=\"wpcf7-form-control-wrap\" data-name=\"email-899\"><input size=\"40\" maxlength=\"400\" class=\"wpcf7-form-control wpcf7-email wpcf7-text wpcf7-validates-as-email\" aria-invalid=\"false\" value=\"\" type=\"email\" name=\"email-899\" \/><\/span><span class=\"wpcf7-form-control-wrap\" data-name=\"text-868\"><input size=\"40\" maxlength=\"400\" class=\"wpcf7-form-control wpcf7-text\" aria-invalid=\"false\" value=\"\" type=\"text\" name=\"text-868\" \/><\/span><br \/>\n<label> Identificaci\u00f3n<br \/>\n<span class=\"wpcf7-form-control-wrap\" data-name=\"your-id\"><input size=\"40\" maxlength=\"400\" class=\"wpcf7-form-control wpcf7-text\" aria-invalid=\"false\" value=\"\" type=\"text\" name=\"your-id\" \/><\/span> <\/label><br \/>\n<span>N\u00famero de DPI del solicitante. En caso de extranjeros, el n\u00famero de pasaporte.<\/span>\n<\/p>\n<p><label> Correo electr\u00f3nico<span class=\"wpcf7-form-control-wrap\" data-name=\"email-73\"><input size=\"40\" maxlength=\"400\" class=\"wpcf7-form-control wpcf7-email wpcf7-text wpcf7-validates-as-email\" aria-invalid=\"false\" value=\"\" type=\"email\" name=\"email-73\" \/><\/span><br \/>\n<span class=\"wpcf7-form-control-wrap\" data-name=\"your-email\"><input size=\"40\" maxlength=\"400\" class=\"wpcf7-form-control wpcf7-email wpcf7-validates-as-required wpcf7-text wpcf7-validates-as-email\" autocomplete=\"email\" aria-required=\"true\" aria-invalid=\"false\" value=\"\" type=\"email\" name=\"your-email\" \/><\/span> <\/label><br \/>\n<span>Correo electr\u00f3nico del solicitante. Para seguimiento y notificaciones.<\/span>\n<\/p>\n<p><label> Tel\u00e9fono<br \/>\n<span class=\"wpcf7-form-control-wrap\" data-name=\"your-phone\"><input size=\"40\" maxlength=\"400\" class=\"wpcf7-form-control wpcf7-tel wpcf7-text wpcf7-validates-as-tel\" autocomplete=\"phone\" aria-invalid=\"false\" value=\"\" type=\"tel\" name=\"your-phone\" \/><\/span> <\/label><br \/>\n<span>Tel\u00e9fono para contactar al solicitante en caso de aclaraci\u00f3n o seguimiento.<\/span>\n<\/p>\n<p><label> Tipo de informaci\u00f3n<br \/>\n<span class=\"wpcf7-form-control-wrap\" data-name=\"your-info\"><select class=\"wpcf7-form-control wpcf7-select wpcf7-validates-as-required\" aria-required=\"true\" aria-invalid=\"false\" name=\"your-info\"><option value=\"Actas del Concejo Municipal\">Actas del Concejo Municipal<\/option><option value=\"Acuerdos del Concejo Municipal\">Acuerdos del Concejo Municipal<\/option><option value=\"Reglamentos Municipales\">Reglamentos Municipales<\/option><option value=\"Informaci\u00f3n de Autoridades Municipales\">Informaci\u00f3n de Autoridades Municipales<\/option><option value=\"Informaci\u00f3n de Empleados Municipales\">Informaci\u00f3n de Empleados Municipales<\/option><option value=\"Informaci\u00f3n de Asesores Municipales\">Informaci\u00f3n de Asesores Municipales<\/option><option value=\"Informaci\u00f3n de Presupuesto Municipal\">Informaci\u00f3n de Presupuesto Municipal<\/option><option value=\"Informaci\u00f3n de Obras de Infraestructura\">Informaci\u00f3n de Obras de Infraestructura<\/option><option value=\"Informaci\u00f3n del Municipio\">Informaci\u00f3n del Municipio<\/option><option value=\"Otro tipo de informaci\u00f3n\">Otro tipo de informaci\u00f3n<\/option><\/select><\/span> <\/label><br \/>\n<span>Seleccione el tipo de informaci\u00f3n solicitada.<\/span>\n<\/p>\n<p><label> Solicitud<br \/>\n<span class=\"wpcf7-form-control-wrap\" data-name=\"your-solicitud\"><textarea cols=\"40\" rows=\"10\" maxlength=\"2000\" class=\"wpcf7-form-control wpcf7-textarea wpcf7-validates-as-required\" aria-required=\"true\" aria-invalid=\"false\" name=\"your-solicitud\"><\/textarea><\/span> <\/label>\n<\/p>\n<p><span>Descripci\u00f3n clara y precisa de la informaci\u00f3n solicitada. Con el fin de brindar un mejor servicio, adem\u00e1s de describir la informaci\u00f3n que solicita, se sugiere proporcionar todos los datos que considere que puedan facilitar la b\u00fasqueda de dicha informaci\u00f3n (Fechas, libros, folios, etc. Si contare con ellos)<\/span>\n<\/p>\n<h3>Informaci\u00f3n Adicional\n<\/h3>\n<p>La siguiente informaci\u00f3n es opcional. S\u00f3lo se utilizar\u00e1 con fines estad\u00edsticos.\n<\/p>\n<p><label> G\u00e9nero<br \/>\n<span class=\"wpcf7-form-control-wrap\" data-name=\"your-gene\"><select class=\"wpcf7-form-control wpcf7-select\" aria-invalid=\"false\" name=\"your-gene\"><option value=\"Seleccione\">Seleccione<\/option><option value=\"Masculino\">Masculino<\/option><option value=\"Femenino\">Femenino<\/option><\/select><\/span> <\/label><br \/>\n<span>Opcional: G\u00e9nero del solicitante.<\/span>\n<\/p>\n<p><label> Pertenencia socioling\u00fc\u00edstica<br \/>\n<span class=\"wpcf7-form-control-wrap\" data-name=\"your-lenguage\"><select class=\"wpcf7-form-control wpcf7-select\" aria-invalid=\"false\" name=\"your-lenguage\"><option value=\"Seleccione\">Seleccione<\/option><option value=\"Ach\u00ed\">Ach\u00ed<\/option><option value=\"Akateco\">Akateco<\/option><option value=\"Awakateco\">Awakateco<\/option><option value=\"Chalchiteco\">Chalchiteco<\/option><option value=\"Ch\u00b4ort\u00ed\">Ch\u00b4ort\u00ed<\/option><option value=\"Chuj\">Chuj<\/option><option value=\"Garifuna\">Garifuna<\/option><option value=\"Ixil\">Ixil<\/option><option value=\"Jakalteco\">Jakalteco<\/option><option value=\"Kaqchikel\">Kaqchikel<\/option><option value=\"Kich\u00e9\">Kich\u00e9<\/option><option value=\"Ladino\">Ladino<\/option><option value=\"Mam\">Mam<\/option><option value=\"Maya Mop\u00e1n e Itz\u00e1\">Maya Mop\u00e1n e Itz\u00e1<\/option><option value=\"Poqomam\">Poqomam<\/option><option value=\"Poqomch\u00ed\">Poqomch\u00ed<\/option><option value=\"Q\u00b4anjob\u00b4al\">Q\u00b4anjob\u00b4al<\/option><option value=\"Q\u00b4eqch\u00ed\">Q\u00b4eqch\u00ed<\/option><option value=\"Sakapulteco\">Sakapulteco<\/option><option value=\"Sipakapense\">Sipakapense<\/option><option value=\"Tekiteko\">Tekiteko<\/option><option value=\"Tz\u00b4utujil\">Tz\u00b4utujil<\/option><option value=\"Uspanteco\">Uspanteco<\/option><option value=\"Xinca\">Xinca<\/option><option value=\"No espec\u00edfico\">No espec\u00edfico<\/option><\/select><\/span> <\/label><br \/>\n<span>Opcional: G\u00e9nero del solicitante.<\/span>\n<\/p>\n<p><label> Boleto de ornato<br \/>\n<span class=\"wpcf7-form-control-wrap\" data-name=\"your-ornato\"><input size=\"40\" maxlength=\"400\" class=\"wpcf7-form-control wpcf7-text\" aria-invalid=\"false\" value=\"\" type=\"text\" name=\"your-ornato\" \/><\/span> <\/label><br \/>\n<span>Opcional: G\u00e9nero del solicitante.<\/span>\n<\/p>\n<p><span class=\"wpcf7-form-control-wrap\" data-name=\"accept\"><span class=\"wpcf7-form-control wpcf7-checkbox wpcf7-validates-as-required\"><span class=\"wpcf7-list-item first last\"><input type=\"checkbox\" name=\"accept[]\" value=\"Acepto los t\u00e9rminos y condiciones.\" \/><span class=\"wpcf7-list-item-label\">Acepto los t\u00e9rminos y condiciones.<\/span><\/span><\/span><\/span>\n<\/p>\n<p><input class=\"wpcf7-form-control wpcf7-submit has-spinner\" type=\"submit\" value=\"Enviar\" \/><input class=\"wpcf7-form-control wpcf7-submit has-spinner\" type=\"submit\" value=\"Enviar\" \/><span class=\"wpcf7-form-control-wrap\" data-name=\"file-406\"><input size=\"40\" class=\"wpcf7-form-control wpcf7-file\" accept=\"audio\/*,video\/*,image\/*\" aria-invalid=\"false\" type=\"file\" name=\"file-406\" \/><\/span><span class=\"wpcf7-form-control-wrap\" data-name=\"quiz-966\"><label><span class=\"wpcf7-quiz-label\">\u00bfLa capital de Brasil?<\/span> <input size=\"40\" class=\"wpcf7-form-control wpcf7-quiz\" autocomplete=\"off\" aria-required=\"true\" aria-invalid=\"false\" type=\"text\" name=\"quiz-966\" \/><\/label><input type=\"hidden\" name=\"_wpcf7_quiz_answer_quiz-966\" value=\"8aa8b7dc7f633bf48f0e220ad11eba99\" \/><\/span><span class=\"wpcf7-form-control-wrap\" data-name=\"radio-280\"><span class=\"wpcf7-form-control wpcf7-radio\"><span class=\"wpcf7-list-item first\"><label><input type=\"radio\" name=\"radio-280\" value=\"Opci\u00f3n 1\" \/><span class=\"wpcf7-list-item-label\">Opci\u00f3n 1<\/span><\/label><\/span><span class=\"wpcf7-list-item\"><label><input type=\"radio\" name=\"radio-280\" value=\"Opci\u00f3n 2\" \/><span class=\"wpcf7-list-item-label\">Opci\u00f3n 2<\/span><\/label><\/span><span class=\"wpcf7-list-item last\"><label><input type=\"radio\" name=\"radio-280\" value=\"Opci\u00f3n 3\" \/><span class=\"wpcf7-list-item-label\">Opci\u00f3n 3<\/span><\/label><\/span><\/span><\/span><span class=\"wpcf7-form-control-wrap\" data-name=\"checkbox-717\"><span class=\"wpcf7-form-control wpcf7-checkbox\"><span class=\"wpcf7-list-item first\"><label><input type=\"checkbox\" name=\"checkbox-717[]\" value=\"Opci\u00f3n 1\" \/><span class=\"wpcf7-list-item-label\">Opci\u00f3n 1<\/span><\/label><\/span><span class=\"wpcf7-list-item\"><label><input type=\"checkbox\" name=\"checkbox-717[]\" value=\"Opci\u00f3n 2\" \/><span class=\"wpcf7-list-item-label\">Opci\u00f3n 2<\/span><\/label><\/span><span class=\"wpcf7-list-item last\"><label><input type=\"checkbox\" name=\"checkbox-717[]\" value=\"Opci\u00f3n 3\" \/><span class=\"wpcf7-list-item-label\">Opci\u00f3n 3<\/span><\/label><\/span><\/span><\/span>\n<\/p><input type='hidden' class='wpcf7-pum' value='{\"closepopup\":false,\"closedelay\":0,\"openpopup\":false,\"openpopup_id\":0}' \/><div class=\"wpcf7-response-output\" aria-hidden=\"true\"><\/div>\n<\/form>\n<\/div>\n\n<\/div>\n<\/div>\n<\/div>\n<\/div>\n\n\n\n<div class=\"wp-block-column is-layout-flow wp-block-column-is-layout-flow\">\n<h2 class=\"wp-block-heading\">T\u00e9rminos y condiciones<\/h2>\n\n\n\n<ol class=\"wp-block-list\">\n<li style=\"margin-top:var(--wp--preset--spacing--30);margin-right:var(--wp--preset--spacing--20);margin-bottom:var(--wp--preset--spacing--30);margin-left:var(--wp--preset--spacing--20)\">El sistema electr\u00f3nico est\u00e1 habilitado las 24 horas, sin embargo, si la solicitud es ingresada despu\u00e9s de las 17:00 horas y\/o en d\u00edas inh\u00e1biles, la fecha de recepci\u00f3n se considerar\u00e1 el d\u00eda h\u00e1bil siguiente.&nbsp;<\/li>\n\n\n\n<li style=\"margin-top:var(--wp--preset--spacing--50);margin-right:var(--wp--preset--spacing--30);margin-bottom:var(--wp--preset--spacing--50);margin-left:var(--wp--preset--spacing--30)\">El procedimiento para el acceso a la informaci\u00f3n p\u00fablica se inicia mediante solicitud verbal, escrita o v\u00eda electr\u00f3nica que deber\u00e1 formular el interesado al sujeto obligado, a trav\u00e9s de la Unidad de Informaci\u00f3n. El modelo de solicitud de informaci\u00f3n tendr\u00e1 el prop\u00f3sito de facilitar el acceso a la informaci\u00f3n p\u00fablica.<\/li>\n\n\n\n<li style=\"margin-top:var(--wp--preset--spacing--40);margin-right:var(--wp--preset--spacing--30);margin-bottom:var(--wp--preset--spacing--40);margin-left:var(--wp--preset--spacing--30)\">En caso requerir m\u00e1s de una informaci\u00f3n, deber\u00e1 solicitarse cada una en un formulario diferente.<\/li>\n\n\n\n<li style=\"margin-top:var(--wp--preset--spacing--50);margin-right:var(--wp--preset--spacing--30);margin-bottom:var(--wp--preset--spacing--50);margin-left:var(--wp--preset--spacing--30)\">Cuando la informaci\u00f3n solicitada no sea competencia de la municipalidad, se le indicar\u00e1 la dependencia o entidad a la cual debe dirigirse para obtener la informaci\u00f3n solicitada.<\/li>\n\n\n\n<li style=\"margin-top:var(--wp--preset--spacing--50);margin-right:var(--wp--preset--spacing--30);margin-bottom:var(--wp--preset--spacing--50);margin-left:var(--wp--preset--spacing--30)\">En caso la informaci\u00f3n solicitada no sea informaci\u00f3n p\u00fablica o no exista en posesi\u00f3n de la municipalidad, se le notificar\u00e1 a trav\u00e9s de una resoluci\u00f3n de negativa.<\/li>\n\n\n\n<li style=\"margin-top:var(--wp--preset--spacing--60);margin-right:var(--wp--preset--spacing--30);margin-bottom:var(--wp--preset--spacing--60);margin-left:var(--wp--preset--spacing--30)\">En caso la informaci\u00f3n solicitada no sea clara y precisa se le solicitar\u00e1 aclaraci\u00f3n.<\/li>\n\n\n\n<li style=\"margin-top:var(--wp--preset--spacing--40);margin-right:var(--wp--preset--spacing--20);margin-bottom:var(--wp--preset--spacing--40);margin-left:var(--wp--preset--spacing--20)\">El plazo de respuesta aplicar\u00e1 seg\u00fan lo establecido en el articulo 42 de la Ley de Acceso a la Informaci\u00f3n P\u00fablica.<\/li>\n\n\n\n<li style=\"margin-top:var(--wp--preset--spacing--50);margin-right:var(--wp--preset--spacing--20);margin-bottom:var(--wp--preset--spacing--50);margin-left:var(--wp--preset--spacing--20)\">Se le solicita al interesado revisar su correo electr\u00f3nico al vencer ocho d\u00edas h\u00e1biles del tiempo de respuesta para verificar si existe o no, solicitud de pr\u00f3rroga por la oficina o dependencia a donde fue remitida la presente solicitud.<\/li>\n\n\n\n<li style=\"margin-top:var(--wp--preset--spacing--50);margin-right:var(--wp--preset--spacing--30);margin-bottom:var(--wp--preset--spacing--50);margin-left:var(--wp--preset--spacing--30)\">La informaci\u00f3n en forma f\u00edsica (fotocopias, certificaciones, planos, etc.) ser\u00e1 entregada personalmente en la Oficina Municipal  de Acceso a la Informaci\u00f3n P\u00fablica previa presentaci\u00f3n del recibo 7-B por el pago del costo de reproducci\u00f3n emitido por la Tesorer\u00eda Municipal, seg\u00fan lo establecido en el art\u00edculo 18 de la Ley de Acceso a la Informaci\u00f3n P\u00fablica.<\/li>\n\n\n\n<li style=\"margin-top:var(--wp--preset--spacing--50);margin-right:var(--wp--preset--spacing--30);margin-bottom:var(--wp--preset--spacing--50);margin-left:var(--wp--preset--spacing--30)\">Los interesados tendr\u00e1n responsabilidad penal y civil por el uso, manejo y difusi\u00f3n de la informaci\u00f3n p\u00fablica a la que tengan acceso seg\u00fan Art\u00edculo 15 de la Ley de Acceso a la Informaci\u00f3n P\u00fablica.<\/li>\n\n\n\n<li style=\"margin-top:var(--wp--preset--spacing--40);margin-right:var(--wp--preset--spacing--30);margin-bottom:var(--wp--preset--spacing--40);margin-left:var(--wp--preset--spacing--30)\">Se establece como informaci\u00f3n p\u00fablica sin restricci\u00f3n solamente el nombre y los apellidos de la persona, su n\u00famero de identificaci\u00f3n, fechas de nacimiento o defunci\u00f3n, sexo, vecindad, ocupaci\u00f3n, profesi\u00f3n u oficio, nacionalidad y estado civil, no as\u00ed la direcci\u00f3n de su residencia. seg\u00fan articulo 6, inciso j de la Ley de  Renap. <\/li>\n<\/ol>\n<\/div>\n<\/div>\n<\/div>\n<\/div>\n\n\n\n<p><\/p>\n","protected":false},"excerpt":{"rendered":"<p>Los campos son requeridos. No se dar\u00e1 tr\u00e1mite a la solicitud si se deja alguno de estos campos<\/p>\n","protected":false},"author":1,"featured_media":0,"parent":0,"menu_order":0,"comment_status":"closed","ping_status":"closed","template":"","meta":{"_eb_attr":"","_monsterinsights_skip_tracking":false,"_monsterinsights_sitenote_active":false,"_monsterinsights_sitenote_note":"","_monsterinsights_sitenote_category":0,"footnotes":""},"class_list":["post-35344","page","type-page","status-publish","hentry"],"_links":{"self":[{"href":"https:\/\/municipalidaddenebaj.com\/index.php?rest_route=\/wp\/v2\/pages\/35344","targetHints":{"allow":["GET"]}}],"collection":[{"href":"https:\/\/municipalidaddenebaj.com\/index.php?rest_route=\/wp\/v2\/pages"}],"about":[{"href":"https:\/\/municipalidaddenebaj.com\/index.php?rest_route=\/wp\/v2\/types\/page"}],"author":[{"embeddable":true,"href":"https:\/\/municipalidaddenebaj.com\/index.php?rest_route=\/wp\/v2\/users\/1"}],"replies":[{"embeddable":true,"href":"https:\/\/municipalidaddenebaj.com\/index.php?rest_route=%2Fwp%2Fv2%2Fcomments&post=35344"}],"version-history":[{"count":0,"href":"https:\/\/municipalidaddenebaj.com\/index.php?rest_route=\/wp\/v2\/pages\/35344\/revisions"}],"wp:attachment":[{"href":"https:\/\/municipalidaddenebaj.com\/index.php?rest_route=%2Fwp%2Fv2%2Fmedia&parent=35344"}],"curies":[{"name":"wp","href":"https:\/\/api.w.org\/{rel}","templated":true}]}}