{"id":53045,"date":"2025-09-03T22:23:30","date_gmt":"2025-09-03T22:23:30","guid":{"rendered":"https:\/\/municipalidaddenebaj.com\/?page_id=53045"},"modified":"2026-04-24T18:00:50","modified_gmt":"2026-04-24T18:00:50","slug":"informacion-publica-de-oficio","status":"publish","type":"page","link":"https:\/\/municipalidaddenebaj.com\/?page_id=53045","title":{"rendered":"INFORMACI\u00d3N PUBLICA DE OFICIO &#8230;."},"content":{"rendered":"\t\t<div data-elementor-type=\"wp-page\" data-elementor-id=\"53045\" class=\"elementor elementor-53045\" data-elementor-settings=\"{&quot;ha_cmc_init_switcher&quot;:&quot;no&quot;}\">\n\t\t\t\t<div class=\"elementor-element elementor-element-4f026d7 e-flex e-con-boxed e-con e-parent\" data-id=\"4f026d7\" data-element_type=\"container\" data-e-type=\"container\" data-settings=\"{&quot;_ha_eqh_enable&quot;:false}\">\n\t\t\t\t\t<div class=\"e-con-inner\">\n\t\t\t\t<div class=\"elementor-element elementor-element-17c580d elementor-widget elementor-widget-ha-creative-button happy-addon ha-creative-button\" data-id=\"17c580d\" data-element_type=\"widget\" data-e-type=\"widget\" data-widget_type=\"ha-creative-button.default\">\n\t\t\t\t<div class=\"elementor-widget-container\">\n\t\t\t\t\t\t\t<div data-magnetic=\"no\" class=\"ha-creative-btn-wrap\">\n\t\t\t<a class=\"ha-creative-btn ha-stl--hermosa ha-eft--exploit\" href=\"https:\/\/municipalidaddenebaj.com\/\" rel=\"nofollow\"><span>REGRESAR A MENU <\/span><\/a>\n\t\t<\/div>\t\t\t\t<\/div>\n\t\t\t\t<\/div>\n\t\t\t\t\t<\/div>\n\t\t\t\t<\/div>\n\t\t<div class=\"elementor-element elementor-element-1564c4b e-con-full e-flex e-con e-parent\" data-id=\"1564c4b\" data-element_type=\"container\" data-e-type=\"container\" data-settings=\"{&quot;_ha_eqh_enable&quot;:false}\">\n\t\t\t\t<div class=\"elementor-element elementor-element-07b1e48 elementor-widget elementor-widget-heading\" data-id=\"07b1e48\" data-element_type=\"widget\" data-e-type=\"widget\" data-widget_type=\"heading.default\">\n\t\t\t\t<div class=\"elementor-widget-container\">\n\t\t\t\t\t<h5 class=\"elementor-heading-title elementor-size-default\">SELECCIONE EL M\u00d3DULO DE TRANSPARENCIA DE ACUERDO AL TIPO DE INFORMACI\u00d3N QUE NECESITE.<\/h5>\t\t\t\t<\/div>\n\t\t\t\t<\/div>\n\t\t\t\t<\/div>\n\t\t<div class=\"elementor-element elementor-element-88127df e-flex e-con-boxed e-con e-parent\" data-id=\"88127df\" data-element_type=\"container\" data-e-type=\"container\" data-settings=\"{&quot;_ha_eqh_enable&quot;:false}\">\n\t\t\t\t\t<div class=\"e-con-inner\">\n\t\t<div class=\"elementor-element elementor-element-3955bbc e-con-full e-flex e-con e-child\" data-id=\"3955bbc\" data-element_type=\"container\" data-e-type=\"container\" data-settings=\"{&quot;_ha_eqh_enable&quot;:false}\">\n\t\t\t\t<div class=\"elementor-element elementor-element-8a08ba3 elementor-widget elementor-widget-image\" data-id=\"8a08ba3\" data-element_type=\"widget\" data-e-type=\"widget\" data-widget_type=\"image.default\">\n\t\t\t\t<div class=\"elementor-widget-container\">\n\t\t\t\t\t\t\t\t\t\t\t\t\t\t\t\t<a href=\"https:\/\/municipalidaddenebaj.com\/?page_id=57433\">\n\t\t\t\t\t\t\t<img  title=\"\" loading=\"lazy\" width=\"361\" height=\"510\" src=\"https:\/\/municipalidaddenebaj.com\/wp-content\/uploads\/2026\/04\/Programa-Septiembre-6-361x510.jpg\" class=\"attachment-large size-large wp-image-62935\"  alt=\"Programa-Septiembre-6-361x510 INFORMACI\u00d3N PUBLICA DE OFICIO ....\"  srcset=\"https:\/\/municipalidaddenebaj.com\/wp-content\/uploads\/2026\/04\/Programa-Septiembre-6-361x510.jpg 361w, https:\/\/municipalidaddenebaj.com\/wp-content\/uploads\/2026\/04\/Programa-Septiembre-6-scaled-600x847.jpg 600w, https:\/\/municipalidaddenebaj.com\/wp-content\/uploads\/2026\/04\/Programa-Septiembre-6-421x594.jpg 421w, https:\/\/municipalidaddenebaj.com\/wp-content\/uploads\/2026\/04\/Programa-Septiembre-6-768x1084.jpg 768w, https:\/\/municipalidaddenebaj.com\/wp-content\/uploads\/2026\/04\/Programa-Septiembre-6-1088x1536.jpg 1088w, https:\/\/municipalidaddenebaj.com\/wp-content\/uploads\/2026\/04\/Programa-Septiembre-6-1451x2048.jpg 1451w, https:\/\/municipalidaddenebaj.com\/wp-content\/uploads\/2026\/04\/Programa-Septiembre-6-354x500.jpg 354w, https:\/\/municipalidaddenebaj.com\/wp-content\/uploads\/2026\/04\/Programa-Septiembre-6-scaled.jpg 1813w\" sizes=\"auto, (max-width: 361px) 100vw, 361px\" loading=\"lazy\" decoding=\"async\" \/>\t\t\t\t\t\t\t\t<\/a>\n\t\t\t\t\t\t\t\t\t\t\t\t\t\t\t<\/div>\n\t\t\t\t<\/div>\n\t\t\t\t<\/div>\n\t\t<div class=\"elementor-element elementor-element-a9ee83f e-con-full e-flex e-con e-child\" data-id=\"a9ee83f\" data-element_type=\"container\" data-e-type=\"container\" data-settings=\"{&quot;_ha_eqh_enable&quot;:false}\">\n\t\t\t\t<div class=\"elementor-element elementor-element-4504d9e elementor-widget elementor-widget-image\" data-id=\"4504d9e\" data-element_type=\"widget\" data-e-type=\"widget\" data-widget_type=\"image.default\">\n\t\t\t\t<div class=\"elementor-widget-container\">\n\t\t\t\t\t\t\t\t\t\t\t\t\t\t\t\t<a href=\"https:\/\/municipalidaddenebaj.com\/?page_id=58277\">\n\t\t\t\t\t\t\t<img  title=\"\" loading=\"lazy\" width=\"361\" height=\"510\" src=\"https:\/\/municipalidaddenebaj.com\/wp-content\/uploads\/2026\/04\/EEE-361x510.jpg\" class=\"attachment-large size-large wp-image-62936\"  alt=\"EEE-361x510 INFORMACI\u00d3N PUBLICA DE OFICIO ....\"  srcset=\"https:\/\/municipalidaddenebaj.com\/wp-content\/uploads\/2026\/04\/EEE-361x510.jpg 361w, https:\/\/municipalidaddenebaj.com\/wp-content\/uploads\/2026\/04\/EEE-scaled-600x847.jpg 600w, https:\/\/municipalidaddenebaj.com\/wp-content\/uploads\/2026\/04\/EEE-421x594.jpg 421w, https:\/\/municipalidaddenebaj.com\/wp-content\/uploads\/2026\/04\/EEE-768x1084.jpg 768w, https:\/\/municipalidaddenebaj.com\/wp-content\/uploads\/2026\/04\/EEE-1088x1536.jpg 1088w, https:\/\/municipalidaddenebaj.com\/wp-content\/uploads\/2026\/04\/EEE-1451x2048.jpg 1451w, https:\/\/municipalidaddenebaj.com\/wp-content\/uploads\/2026\/04\/EEE-354x500.jpg 354w, https:\/\/municipalidaddenebaj.com\/wp-content\/uploads\/2026\/04\/EEE-scaled.jpg 1813w\" sizes=\"auto, (max-width: 361px) 100vw, 361px\" loading=\"lazy\" decoding=\"async\" \/>\t\t\t\t\t\t\t\t<\/a>\n\t\t\t\t\t\t\t\t\t\t\t\t\t\t\t<\/div>\n\t\t\t\t<\/div>\n\t\t\t\t<\/div>\n\t\t<div class=\"elementor-element elementor-element-eac7e0f e-con-full e-flex e-con e-child\" data-id=\"eac7e0f\" data-element_type=\"container\" data-e-type=\"container\" data-settings=\"{&quot;_ha_eqh_enable&quot;:false}\">\n\t\t\t\t<div class=\"elementor-element elementor-element-086a0a8 elementor-widget elementor-widget-image\" data-id=\"086a0a8\" data-element_type=\"widget\" data-e-type=\"widget\" data-widget_type=\"image.default\">\n\t\t\t\t<div class=\"elementor-widget-container\">\n\t\t\t\t\t\t\t\t\t\t\t\t\t\t\t\t<a href=\"https:\/\/municipalidaddenebaj.com\/?page_id=58448\">\n\t\t\t\t\t\t\t<img  title=\"\" loading=\"lazy\" width=\"361\" height=\"510\" src=\"https:\/\/municipalidaddenebaj.com\/wp-content\/uploads\/2026\/04\/456-361x510.jpg\" class=\"attachment-large size-large wp-image-62937\"  alt=\"456-361x510 INFORMACI\u00d3N PUBLICA DE OFICIO ....\"  srcset=\"https:\/\/municipalidaddenebaj.com\/wp-content\/uploads\/2026\/04\/456-361x510.jpg 361w, https:\/\/municipalidaddenebaj.com\/wp-content\/uploads\/2026\/04\/456-scaled-600x847.jpg 600w, https:\/\/municipalidaddenebaj.com\/wp-content\/uploads\/2026\/04\/456-421x594.jpg 421w, https:\/\/municipalidaddenebaj.com\/wp-content\/uploads\/2026\/04\/456-768x1084.jpg 768w, https:\/\/municipalidaddenebaj.com\/wp-content\/uploads\/2026\/04\/456-1088x1536.jpg 1088w, https:\/\/municipalidaddenebaj.com\/wp-content\/uploads\/2026\/04\/456-1451x2048.jpg 1451w, https:\/\/municipalidaddenebaj.com\/wp-content\/uploads\/2026\/04\/456-354x500.jpg 354w, https:\/\/municipalidaddenebaj.com\/wp-content\/uploads\/2026\/04\/456-scaled.jpg 1813w\" sizes=\"auto, (max-width: 361px) 100vw, 361px\" loading=\"lazy\" decoding=\"async\" \/>\t\t\t\t\t\t\t\t<\/a>\n\t\t\t\t\t\t\t\t\t\t\t\t\t\t\t<\/div>\n\t\t\t\t<\/div>\n\t\t\t\t<\/div>\n\t\t<div class=\"elementor-element elementor-element-ab58acd e-con-full e-flex e-con e-child\" data-id=\"ab58acd\" data-element_type=\"container\" data-e-type=\"container\" data-settings=\"{&quot;_ha_eqh_enable&quot;:false}\">\n\t\t\t\t<div class=\"elementor-element elementor-element-6648a21 elementor-widget elementor-widget-image\" data-id=\"6648a21\" data-element_type=\"widget\" data-e-type=\"widget\" data-widget_type=\"image.default\">\n\t\t\t\t<div class=\"elementor-widget-container\">\n\t\t\t\t\t\t\t\t\t\t\t\t\t\t\t\t<a href=\"https:\/\/municipalidaddenebaj.com\/?page_id=58548\">\n\t\t\t\t\t\t\t<img  title=\"\" loading=\"lazy\" width=\"361\" height=\"510\" src=\"https:\/\/municipalidaddenebaj.com\/wp-content\/uploads\/2026\/04\/878-361x510.jpg\" class=\"attachment-large size-large wp-image-62938\"  alt=\"878-361x510 INFORMACI\u00d3N PUBLICA DE OFICIO ....\"  srcset=\"https:\/\/municipalidaddenebaj.com\/wp-content\/uploads\/2026\/04\/878-361x510.jpg 361w, https:\/\/municipalidaddenebaj.com\/wp-content\/uploads\/2026\/04\/878-scaled-600x847.jpg 600w, https:\/\/municipalidaddenebaj.com\/wp-content\/uploads\/2026\/04\/878-421x594.jpg 421w, https:\/\/municipalidaddenebaj.com\/wp-content\/uploads\/2026\/04\/878-768x1084.jpg 768w, https:\/\/municipalidaddenebaj.com\/wp-content\/uploads\/2026\/04\/878-1088x1536.jpg 1088w, https:\/\/municipalidaddenebaj.com\/wp-content\/uploads\/2026\/04\/878-1451x2048.jpg 1451w, https:\/\/municipalidaddenebaj.com\/wp-content\/uploads\/2026\/04\/878-354x500.jpg 354w, https:\/\/municipalidaddenebaj.com\/wp-content\/uploads\/2026\/04\/878-scaled.jpg 1813w\" sizes=\"auto, (max-width: 361px) 100vw, 361px\" loading=\"lazy\" decoding=\"async\" \/>\t\t\t\t\t\t\t\t<\/a>\n\t\t\t\t\t\t\t\t\t\t\t\t\t\t\t<\/div>\n\t\t\t\t<\/div>\n\t\t\t\t<\/div>\n\t\t<div class=\"elementor-element elementor-element-0d62ed0 e-con-full e-flex e-con e-child\" data-id=\"0d62ed0\" data-element_type=\"container\" data-e-type=\"container\" data-settings=\"{&quot;_ha_eqh_enable&quot;:false}\">\n\t\t\t\t<div class=\"elementor-element elementor-element-0191617 elementor-widget elementor-widget-image\" data-id=\"0191617\" data-element_type=\"widget\" data-e-type=\"widget\" data-widget_type=\"image.default\">\n\t\t\t\t<div class=\"elementor-widget-container\">\n\t\t\t\t\t\t\t\t\t\t\t\t\t\t\t\t<a href=\"https:\/\/municipalidaddenebaj.com\/?page_id=24509\">\n\t\t\t\t\t\t\t<img  title=\"\" loading=\"lazy\" width=\"361\" height=\"510\" src=\"https:\/\/municipalidaddenebaj.com\/wp-content\/uploads\/2026\/04\/Programa-Septiembre-7-361x510.jpg\" class=\"attachment-large size-large wp-image-62939\"  alt=\"Programa-Septiembre-7-361x510 INFORMACI\u00d3N PUBLICA DE OFICIO ....\"  srcset=\"https:\/\/municipalidaddenebaj.com\/wp-content\/uploads\/2026\/04\/Programa-Septiembre-7-361x510.jpg 361w, https:\/\/municipalidaddenebaj.com\/wp-content\/uploads\/2026\/04\/Programa-Septiembre-7-scaled-600x847.jpg 600w, https:\/\/municipalidaddenebaj.com\/wp-content\/uploads\/2026\/04\/Programa-Septiembre-7-421x594.jpg 421w, https:\/\/municipalidaddenebaj.com\/wp-content\/uploads\/2026\/04\/Programa-Septiembre-7-768x1084.jpg 768w, https:\/\/municipalidaddenebaj.com\/wp-content\/uploads\/2026\/04\/Programa-Septiembre-7-1088x1536.jpg 1088w, https:\/\/municipalidaddenebaj.com\/wp-content\/uploads\/2026\/04\/Programa-Septiembre-7-1451x2048.jpg 1451w, https:\/\/municipalidaddenebaj.com\/wp-content\/uploads\/2026\/04\/Programa-Septiembre-7-354x500.jpg 354w, https:\/\/municipalidaddenebaj.com\/wp-content\/uploads\/2026\/04\/Programa-Septiembre-7-scaled.jpg 1813w\" sizes=\"auto, (max-width: 361px) 100vw, 361px\" loading=\"lazy\" decoding=\"async\" \/>\t\t\t\t\t\t\t\t<\/a>\n\t\t\t\t\t\t\t\t\t\t\t\t\t\t\t<\/div>\n\t\t\t\t<\/div>\n\t\t\t\t<\/div>\n\t\t\t\t\t<\/div>\n\t\t\t\t<\/div>\n\t\t<div class=\"elementor-element elementor-element-d121c62 e-flex e-con-boxed e-con e-parent\" data-id=\"d121c62\" data-element_type=\"container\" data-e-type=\"container\" data-settings=\"{&quot;_ha_eqh_enable&quot;:false}\">\n\t\t\t\t\t<div class=\"e-con-inner\">\n\t\t<div class=\"elementor-element elementor-element-4df7d34 e-con-full e-flex e-con e-child\" data-id=\"4df7d34\" data-element_type=\"container\" data-e-type=\"container\" data-settings=\"{&quot;_ha_eqh_enable&quot;:false}\">\n\t\t\t\t<div class=\"elementor-element elementor-element-9219f9c elementor-widget elementor-widget-text-editor\" data-id=\"9219f9c\" data-element_type=\"widget\" data-e-type=\"widget\" data-widget_type=\"text-editor.default\">\n\t\t\t\t<div class=\"elementor-widget-container\">\n\t\t\t\t\t\t\t\t\t<p><strong>\u00bfQu\u00e9 es Informaci\u00f3n P\u00fablica de Oficio?\u00a0 <\/strong>Es la informaci\u00f3n que los sujetos obligados deben difundir, actualizar y poner a disposici\u00f3n del p\u00fablico en medios electr\u00f3nicos de manera proactiva, sin que medie solicitud.<\/p><p><strong>Art\u00edculo 10. Informaci\u00f3n p\u00fablica de oficio.<\/strong>\u00a0Los Sujetos Obligados deber\u00e1n mantener, actualizada y disponible, en todo momento, de acuerdo con sus funciones y a disposici\u00f3n de cualquier interesado, como m\u00ednimo, la siguiente informaci\u00f3n, que podr\u00e1 ser consultada de manera directa o a trav\u00e9s de los portales electr\u00f3nicos de cada sujeto obligado.<\/p>\t\t\t\t\t\t\t\t<\/div>\n\t\t\t\t<\/div>\n\t\t\t\t<\/div>\n\t\t\t\t\t<\/div>\n\t\t\t\t<\/div>\n\t\t\t\t<\/div>\n\t\t","protected":false},"excerpt":{"rendered":"<p>REGRESAR A MENU SELECCIONE EL M\u00d3DULO DE TRANSPARENCIA DE ACUERDO AL TIPO DE INFORMACI\u00d3N QUE&#8230;<\/p>\n","protected":false},"author":4,"featured_media":0,"parent":0,"menu_order":0,"comment_status":"closed","ping_status":"closed","template":"","meta":{"_eb_attr":"","_monsterinsights_skip_tracking":false,"_monsterinsights_sitenote_active":false,"_monsterinsights_sitenote_note":"","_monsterinsights_sitenote_category":0,"footnotes":""},"class_list":["post-53045","page","type-page","status-publish","hentry"],"_links":{"self":[{"href":"https:\/\/municipalidaddenebaj.com\/index.php?rest_route=\/wp\/v2\/pages\/53045","targetHints":{"allow":["GET"]}}],"collection":[{"href":"https:\/\/municipalidaddenebaj.com\/index.php?rest_route=\/wp\/v2\/pages"}],"about":[{"href":"https:\/\/municipalidaddenebaj.com\/index.php?rest_route=\/wp\/v2\/types\/page"}],"author":[{"embeddable":true,"href":"https:\/\/municipalidaddenebaj.com\/index.php?rest_route=\/wp\/v2\/users\/4"}],"replies":[{"embeddable":true,"href":"https:\/\/municipalidaddenebaj.com\/index.php?rest_route=%2Fwp%2Fv2%2Fcomments&post=53045"}],"version-history":[{"count":0,"href":"https:\/\/municipalidaddenebaj.com\/index.php?rest_route=\/wp\/v2\/pages\/53045\/revisions"}],"wp:attachment":[{"href":"https:\/\/municipalidaddenebaj.com\/index.php?rest_route=%2Fwp%2Fv2%2Fmedia&parent=53045"}],"curies":[{"name":"wp","href":"https:\/\/api.w.org\/{rel}","templated":true}]}}