{"id":58448,"date":"2026-02-11T17:16:56","date_gmt":"2026-02-11T17:16:56","guid":{"rendered":"https:\/\/municipalidaddenebaj.com\/?page_id=58448"},"modified":"2026-04-23T18:45:52","modified_gmt":"2026-04-23T18:45:52","slug":"01-informacion-de-oficio-2-2","status":"publish","type":"page","link":"https:\/\/municipalidaddenebaj.com\/?page_id=58448","title":{"rendered":"01. RENDICI\u00d3N DE CUENTAS"},"content":{"rendered":"\t\t<div data-elementor-type=\"wp-page\" data-elementor-id=\"58448\" class=\"elementor elementor-58448\" data-elementor-settings=\"{&quot;ha_cmc_init_switcher&quot;:&quot;no&quot;}\">\n\t\t\t\t<div class=\"elementor-element elementor-element-3ef7781 e-flex e-con-boxed e-con e-parent\" data-id=\"3ef7781\" data-element_type=\"container\" data-e-type=\"container\" data-settings=\"{&quot;_ha_eqh_enable&quot;:false}\">\n\t\t\t\t\t<div class=\"e-con-inner\">\n\t\t\t\t<div class=\"elementor-element elementor-element-459b334 elementor-widget elementor-widget-eael-creative-button\" data-id=\"459b334\" data-element_type=\"widget\" data-e-type=\"widget\" data-widget_type=\"eael-creative-button.default\">\n\t\t\t\t<div class=\"elementor-widget-container\">\n\t\t\t\t\t        <div class=\"eael-creative-button-wrapper\">\n\n            <a class=\"eael-creative-button eael-creative-button--default eael-cb-icon-position-\" href=\"https:\/\/municipalidaddenebaj.com\/?page_id=53045\" data-text=\"Go!\">\n            \t    \n                <div class=\"creative-button-inner\">\n\n                    \n                    <span class=\"cretive-button-text\">REGRESAR A MEN\u00da <\/span>\n\n                                    <\/div>\n\t                        <\/a>\n        <\/div>\n        \t\t\t\t<\/div>\n\t\t\t\t<\/div>\n\t\t\t\t\t<\/div>\n\t\t\t\t<\/div>\n\t\t<div class=\"elementor-element elementor-element-16b7773 e-flex e-con-boxed e-con e-parent\" data-id=\"16b7773\" data-element_type=\"container\" data-e-type=\"container\" data-settings=\"{&quot;_ha_eqh_enable&quot;:false}\">\n\t\t\t\t\t<div class=\"e-con-inner\">\n\t\t<div class=\"elementor-element elementor-element-bfe40e0 e-con-full e-flex e-con e-child\" data-id=\"bfe40e0\" data-element_type=\"container\" data-e-type=\"container\" data-settings=\"{&quot;_ha_eqh_enable&quot;:false}\">\n\t\t\t\t<div class=\"elementor-element elementor-element-ac44491 elementor-widget elementor-widget-image\" data-id=\"ac44491\" data-element_type=\"widget\" data-e-type=\"widget\" data-widget_type=\"image.default\">\n\t\t\t\t<div class=\"elementor-widget-container\">\n\t\t\t\t\t\t\t\t\t\t\t\t\t\t\t\t<a href=\"https:\/\/municipalidaddenebaj.com\/?page_id=58468\">\n\t\t\t\t\t\t\t<img  title=\"\" loading=\"lazy\" width=\"361\" height=\"510\" src=\"https:\/\/municipalidaddenebaj.com\/wp-content\/uploads\/2026\/04\/1-10-361x510.jpg\" class=\"attachment-large size-large wp-image-63252\"  alt=\"1-10-361x510 01. RENDICI\u00d3N DE CUENTAS\"  srcset=\"https:\/\/municipalidaddenebaj.com\/wp-content\/uploads\/2026\/04\/1-10-361x510.jpg 361w, https:\/\/municipalidaddenebaj.com\/wp-content\/uploads\/2026\/04\/1-10-scaled-600x847.jpg 600w, https:\/\/municipalidaddenebaj.com\/wp-content\/uploads\/2026\/04\/1-10-421x594.jpg 421w, https:\/\/municipalidaddenebaj.com\/wp-content\/uploads\/2026\/04\/1-10-768x1084.jpg 768w, https:\/\/municipalidaddenebaj.com\/wp-content\/uploads\/2026\/04\/1-10-1088x1536.jpg 1088w, https:\/\/municipalidaddenebaj.com\/wp-content\/uploads\/2026\/04\/1-10-1451x2048.jpg 1451w, https:\/\/municipalidaddenebaj.com\/wp-content\/uploads\/2026\/04\/1-10-354x500.jpg 354w, https:\/\/municipalidaddenebaj.com\/wp-content\/uploads\/2026\/04\/1-10-scaled.jpg 1813w\" sizes=\"auto, (max-width: 361px) 100vw, 361px\" loading=\"lazy\" decoding=\"async\" \/>\t\t\t\t\t\t\t\t<\/a>\n\t\t\t\t\t\t\t\t\t\t\t\t\t\t\t<\/div>\n\t\t\t\t<\/div>\n\t\t\t\t<\/div>\n\t\t<div class=\"elementor-element elementor-element-38fdaae e-con-full e-flex e-con e-child\" data-id=\"38fdaae\" data-element_type=\"container\" data-e-type=\"container\" data-settings=\"{&quot;_ha_eqh_enable&quot;:false}\">\n\t\t\t\t<div class=\"elementor-element elementor-element-ab759f1 elementor-widget elementor-widget-image\" data-id=\"ab759f1\" data-element_type=\"widget\" data-e-type=\"widget\" data-widget_type=\"image.default\">\n\t\t\t\t<div class=\"elementor-widget-container\">\n\t\t\t\t\t\t\t\t\t\t\t\t\t\t\t\t<a href=\"https:\/\/municipalidaddenebaj.com\/?page_id=58484\">\n\t\t\t\t\t\t\t<img  title=\"\" loading=\"lazy\" width=\"361\" height=\"510\" src=\"https:\/\/municipalidaddenebaj.com\/wp-content\/uploads\/2026\/04\/2-4-361x510.jpg\" class=\"attachment-large size-large wp-image-63255\"  alt=\"2-4-361x510 01. RENDICI\u00d3N DE CUENTAS\"  srcset=\"https:\/\/municipalidaddenebaj.com\/wp-content\/uploads\/2026\/04\/2-4-361x510.jpg 361w, https:\/\/municipalidaddenebaj.com\/wp-content\/uploads\/2026\/04\/2-4-scaled-600x847.jpg 600w, https:\/\/municipalidaddenebaj.com\/wp-content\/uploads\/2026\/04\/2-4-421x594.jpg 421w, https:\/\/municipalidaddenebaj.com\/wp-content\/uploads\/2026\/04\/2-4-768x1084.jpg 768w, https:\/\/municipalidaddenebaj.com\/wp-content\/uploads\/2026\/04\/2-4-1088x1536.jpg 1088w, https:\/\/municipalidaddenebaj.com\/wp-content\/uploads\/2026\/04\/2-4-1451x2048.jpg 1451w, https:\/\/municipalidaddenebaj.com\/wp-content\/uploads\/2026\/04\/2-4-354x500.jpg 354w, https:\/\/municipalidaddenebaj.com\/wp-content\/uploads\/2026\/04\/2-4-scaled.jpg 1813w\" sizes=\"auto, (max-width: 361px) 100vw, 361px\" loading=\"lazy\" decoding=\"async\" \/>\t\t\t\t\t\t\t\t<\/a>\n\t\t\t\t\t\t\t\t\t\t\t\t\t\t\t<\/div>\n\t\t\t\t<\/div>\n\t\t\t\t<\/div>\n\t\t<div class=\"elementor-element elementor-element-8a3acf1 e-con-full e-flex e-con e-child\" data-id=\"8a3acf1\" data-element_type=\"container\" data-e-type=\"container\" data-settings=\"{&quot;_ha_eqh_enable&quot;:false}\">\n\t\t\t\t<div class=\"elementor-element elementor-element-65fb567 elementor-widget elementor-widget-image\" data-id=\"65fb567\" data-element_type=\"widget\" data-e-type=\"widget\" data-widget_type=\"image.default\">\n\t\t\t\t<div class=\"elementor-widget-container\">\n\t\t\t\t\t\t\t\t\t\t\t\t\t\t\t\t<a href=\"https:\/\/municipalidaddenebaj.com\/?page_id=58493\">\n\t\t\t\t\t\t\t<img  title=\"\" loading=\"lazy\" width=\"361\" height=\"510\" src=\"https:\/\/municipalidaddenebaj.com\/wp-content\/uploads\/2026\/04\/3-3-361x510.jpg\" class=\"attachment-large size-large wp-image-63256\"  alt=\"3-3-361x510 01. RENDICI\u00d3N DE CUENTAS\"  srcset=\"https:\/\/municipalidaddenebaj.com\/wp-content\/uploads\/2026\/04\/3-3-361x510.jpg 361w, https:\/\/municipalidaddenebaj.com\/wp-content\/uploads\/2026\/04\/3-3-scaled-600x847.jpg 600w, https:\/\/municipalidaddenebaj.com\/wp-content\/uploads\/2026\/04\/3-3-421x594.jpg 421w, https:\/\/municipalidaddenebaj.com\/wp-content\/uploads\/2026\/04\/3-3-768x1084.jpg 768w, https:\/\/municipalidaddenebaj.com\/wp-content\/uploads\/2026\/04\/3-3-1088x1536.jpg 1088w, https:\/\/municipalidaddenebaj.com\/wp-content\/uploads\/2026\/04\/3-3-1451x2048.jpg 1451w, https:\/\/municipalidaddenebaj.com\/wp-content\/uploads\/2026\/04\/3-3-354x500.jpg 354w, https:\/\/municipalidaddenebaj.com\/wp-content\/uploads\/2026\/04\/3-3-scaled.jpg 1813w\" sizes=\"auto, (max-width: 361px) 100vw, 361px\" loading=\"lazy\" decoding=\"async\" \/>\t\t\t\t\t\t\t\t<\/a>\n\t\t\t\t\t\t\t\t\t\t\t\t\t\t\t<\/div>\n\t\t\t\t<\/div>\n\t\t\t\t<\/div>\n\t\t<div class=\"elementor-element elementor-element-c0b2bd1 e-con-full e-flex e-con e-child\" data-id=\"c0b2bd1\" data-element_type=\"container\" data-e-type=\"container\" data-settings=\"{&quot;_ha_eqh_enable&quot;:false}\">\n\t\t\t\t<div class=\"elementor-element elementor-element-152cc6f elementor-widget elementor-widget-image\" data-id=\"152cc6f\" data-element_type=\"widget\" data-e-type=\"widget\" data-widget_type=\"image.default\">\n\t\t\t\t<div class=\"elementor-widget-container\">\n\t\t\t\t\t\t\t\t\t\t\t\t\t\t\t\t<a href=\"https:\/\/municipalidaddenebaj.com\/?page_id=58503\">\n\t\t\t\t\t\t\t<img  title=\"\" loading=\"lazy\" width=\"361\" height=\"510\" src=\"https:\/\/municipalidaddenebaj.com\/wp-content\/uploads\/2026\/04\/4-3-361x510.jpg\" class=\"attachment-large size-large wp-image-63257\"  alt=\"4-3-361x510 01. RENDICI\u00d3N DE CUENTAS\"  srcset=\"https:\/\/municipalidaddenebaj.com\/wp-content\/uploads\/2026\/04\/4-3-361x510.jpg 361w, https:\/\/municipalidaddenebaj.com\/wp-content\/uploads\/2026\/04\/4-3-scaled-600x847.jpg 600w, https:\/\/municipalidaddenebaj.com\/wp-content\/uploads\/2026\/04\/4-3-421x594.jpg 421w, https:\/\/municipalidaddenebaj.com\/wp-content\/uploads\/2026\/04\/4-3-768x1084.jpg 768w, https:\/\/municipalidaddenebaj.com\/wp-content\/uploads\/2026\/04\/4-3-1088x1536.jpg 1088w, https:\/\/municipalidaddenebaj.com\/wp-content\/uploads\/2026\/04\/4-3-1451x2048.jpg 1451w, https:\/\/municipalidaddenebaj.com\/wp-content\/uploads\/2026\/04\/4-3-354x500.jpg 354w, https:\/\/municipalidaddenebaj.com\/wp-content\/uploads\/2026\/04\/4-3-scaled.jpg 1813w\" sizes=\"auto, (max-width: 361px) 100vw, 361px\" loading=\"lazy\" decoding=\"async\" \/>\t\t\t\t\t\t\t\t<\/a>\n\t\t\t\t\t\t\t\t\t\t\t\t\t\t\t<\/div>\n\t\t\t\t<\/div>\n\t\t\t\t<\/div>\n\t\t<div class=\"elementor-element elementor-element-85b0819 e-con-full e-flex e-con e-child\" data-id=\"85b0819\" data-element_type=\"container\" data-e-type=\"container\" data-settings=\"{&quot;_ha_eqh_enable&quot;:false}\">\n\t\t\t\t<div class=\"elementor-element elementor-element-1b0488f elementor-widget elementor-widget-image\" data-id=\"1b0488f\" data-element_type=\"widget\" data-e-type=\"widget\" data-widget_type=\"image.default\">\n\t\t\t\t<div class=\"elementor-widget-container\">\n\t\t\t\t\t\t\t\t\t\t\t\t\t\t\t\t<a href=\"https:\/\/municipalidaddenebaj.com\/?page_id=58512\">\n\t\t\t\t\t\t\t<img  title=\"\" loading=\"lazy\" width=\"361\" height=\"510\" src=\"https:\/\/municipalidaddenebaj.com\/wp-content\/uploads\/2026\/04\/5-1-361x510.jpg\" class=\"attachment-large size-large wp-image-63258\"  alt=\"5-1-361x510 01. RENDICI\u00d3N DE CUENTAS\"  srcset=\"https:\/\/municipalidaddenebaj.com\/wp-content\/uploads\/2026\/04\/5-1-361x510.jpg 361w, https:\/\/municipalidaddenebaj.com\/wp-content\/uploads\/2026\/04\/5-1-scaled-600x847.jpg 600w, https:\/\/municipalidaddenebaj.com\/wp-content\/uploads\/2026\/04\/5-1-421x594.jpg 421w, https:\/\/municipalidaddenebaj.com\/wp-content\/uploads\/2026\/04\/5-1-768x1084.jpg 768w, https:\/\/municipalidaddenebaj.com\/wp-content\/uploads\/2026\/04\/5-1-1088x1536.jpg 1088w, https:\/\/municipalidaddenebaj.com\/wp-content\/uploads\/2026\/04\/5-1-1451x2048.jpg 1451w, https:\/\/municipalidaddenebaj.com\/wp-content\/uploads\/2026\/04\/5-1-354x500.jpg 354w, https:\/\/municipalidaddenebaj.com\/wp-content\/uploads\/2026\/04\/5-1-scaled.jpg 1813w\" sizes=\"auto, (max-width: 361px) 100vw, 361px\" loading=\"lazy\" decoding=\"async\" \/>\t\t\t\t\t\t\t\t<\/a>\n\t\t\t\t\t\t\t\t\t\t\t\t\t\t\t<\/div>\n\t\t\t\t<\/div>\n\t\t\t\t<\/div>\n\t\t<div class=\"elementor-element elementor-element-4bb2e5d e-con-full e-flex e-con e-child\" data-id=\"4bb2e5d\" data-element_type=\"container\" data-e-type=\"container\" data-settings=\"{&quot;_ha_eqh_enable&quot;:false}\">\n\t\t\t\t<div class=\"elementor-element elementor-element-efeebea elementor-widget elementor-widget-image\" data-id=\"efeebea\" data-element_type=\"widget\" data-e-type=\"widget\" data-widget_type=\"image.default\">\n\t\t\t\t<div class=\"elementor-widget-container\">\n\t\t\t\t\t\t\t\t\t\t\t\t\t\t\t\t<a href=\"https:\/\/municipalidaddenebaj.com\/?page_id=58521\">\n\t\t\t\t\t\t\t<img  title=\"\" loading=\"lazy\" width=\"361\" height=\"510\" src=\"https:\/\/municipalidaddenebaj.com\/wp-content\/uploads\/2026\/04\/6-1-361x510.jpg\" class=\"attachment-large size-large wp-image-63259\"  alt=\"6-1-361x510 01. RENDICI\u00d3N DE CUENTAS\"  srcset=\"https:\/\/municipalidaddenebaj.com\/wp-content\/uploads\/2026\/04\/6-1-361x510.jpg 361w, https:\/\/municipalidaddenebaj.com\/wp-content\/uploads\/2026\/04\/6-1-scaled-600x847.jpg 600w, https:\/\/municipalidaddenebaj.com\/wp-content\/uploads\/2026\/04\/6-1-421x594.jpg 421w, https:\/\/municipalidaddenebaj.com\/wp-content\/uploads\/2026\/04\/6-1-768x1084.jpg 768w, https:\/\/municipalidaddenebaj.com\/wp-content\/uploads\/2026\/04\/6-1-1088x1536.jpg 1088w, https:\/\/municipalidaddenebaj.com\/wp-content\/uploads\/2026\/04\/6-1-1451x2048.jpg 1451w, https:\/\/municipalidaddenebaj.com\/wp-content\/uploads\/2026\/04\/6-1-354x500.jpg 354w, https:\/\/municipalidaddenebaj.com\/wp-content\/uploads\/2026\/04\/6-1-scaled.jpg 1813w\" sizes=\"auto, (max-width: 361px) 100vw, 361px\" loading=\"lazy\" decoding=\"async\" \/>\t\t\t\t\t\t\t\t<\/a>\n\t\t\t\t\t\t\t\t\t\t\t\t\t\t\t<\/div>\n\t\t\t\t<\/div>\n\t\t\t\t<\/div>\n\t\t<div class=\"elementor-element elementor-element-3c9652d e-con-full e-flex e-con e-child\" data-id=\"3c9652d\" data-element_type=\"container\" data-e-type=\"container\" data-settings=\"{&quot;_ha_eqh_enable&quot;:false}\">\n\t\t\t\t<div class=\"elementor-element elementor-element-4768937 elementor-widget elementor-widget-image\" data-id=\"4768937\" data-element_type=\"widget\" data-e-type=\"widget\" data-widget_type=\"image.default\">\n\t\t\t\t<div class=\"elementor-widget-container\">\n\t\t\t\t\t\t\t\t\t\t\t\t\t\t\t\t<a href=\"https:\/\/municipalidaddenebaj.com\/?page_id=58534\">\n\t\t\t\t\t\t\t<img  title=\"\" loading=\"lazy\" width=\"361\" height=\"510\" src=\"https:\/\/municipalidaddenebaj.com\/wp-content\/uploads\/2026\/04\/7-1-1-361x510.jpg\" class=\"attachment-large size-large wp-image-63268\"  alt=\"7-1-1-361x510 01. RENDICI\u00d3N DE CUENTAS\"  srcset=\"https:\/\/municipalidaddenebaj.com\/wp-content\/uploads\/2026\/04\/7-1-1-361x510.jpg 361w, https:\/\/municipalidaddenebaj.com\/wp-content\/uploads\/2026\/04\/7-1-1-scaled-600x847.jpg 600w, https:\/\/municipalidaddenebaj.com\/wp-content\/uploads\/2026\/04\/7-1-1-421x594.jpg 421w, https:\/\/municipalidaddenebaj.com\/wp-content\/uploads\/2026\/04\/7-1-1-768x1084.jpg 768w, https:\/\/municipalidaddenebaj.com\/wp-content\/uploads\/2026\/04\/7-1-1-1088x1536.jpg 1088w, https:\/\/municipalidaddenebaj.com\/wp-content\/uploads\/2026\/04\/7-1-1-1451x2048.jpg 1451w, https:\/\/municipalidaddenebaj.com\/wp-content\/uploads\/2026\/04\/7-1-1-354x500.jpg 354w, https:\/\/municipalidaddenebaj.com\/wp-content\/uploads\/2026\/04\/7-1-1-scaled.jpg 1813w\" sizes=\"auto, (max-width: 361px) 100vw, 361px\" loading=\"lazy\" decoding=\"async\" \/>\t\t\t\t\t\t\t\t<\/a>\n\t\t\t\t\t\t\t\t\t\t\t\t\t\t\t<\/div>\n\t\t\t\t<\/div>\n\t\t\t\t<\/div>\n\t\t<div class=\"elementor-element elementor-element-1766fa1 e-con-full e-flex e-con e-child\" data-id=\"1766fa1\" data-element_type=\"container\" data-e-type=\"container\" data-settings=\"{&quot;_ha_eqh_enable&quot;:false}\">\n\t\t\t\t<\/div>\n\t\t\t\t\t<\/div>\n\t\t\t\t<\/div>\n\t\t<div class=\"elementor-element elementor-element-fa4100a e-flex e-con-boxed e-con e-parent\" data-id=\"fa4100a\" data-element_type=\"container\" data-e-type=\"container\" data-settings=\"{&quot;_ha_eqh_enable&quot;:false}\">\n\t\t\t\t\t<div class=\"e-con-inner\">\n\t\t\t\t<div class=\"elementor-element elementor-element-dd899ba elementor-widget elementor-widget-heading\" data-id=\"dd899ba\" data-element_type=\"widget\" data-e-type=\"widget\" data-widget_type=\"heading.default\">\n\t\t\t\t<div class=\"elementor-widget-container\">\n\t\t\t\t\t<h4 class=\"elementor-heading-title elementor-size-default\">La rendici\u00f3n de cuentas es un espacio de comunicaci\u00f3n entre los servidores p\u00fablicos y la ciudadan\u00eda. Tiene como finalidad generar transparencia, condiciones de confianza entre gobernantes y ciudadanos y garantizar el ejercicio del control social a la administraci\u00f3n, sirviendo adem\u00e1s de insumo para ajustar proyectos y planes de acci\u00f3n para su realizaci\u00f3n.\n\nLos mecanismos de rendici\u00f3n de cuentas permiten a los ciudadanos y otros grupos de inter\u00e9s obtener con mayor facilidad informaci\u00f3n sobre la gesti\u00f3n de las entidades p\u00fablicas y sus resultados, generando mayor transparencia, activando el control social, permitiendo a su vez que las administraciones tomen mejores decisiones incrementando la efectividad y legitimidad de su ejercicio.\n\nEn el Plan de Acci\u00f3n Nacional de Gobierno Abierto de Guatemala 2016-2018, se estableci\u00f3 en el eje tem\u00e1tico de Rendici\u00f3n de Cuentas, el compromiso 14 de crear \u201cMecanismos de Rendici\u00f3n de Cuentas en los Gobiernos Locales\u201d, debido a la necesidad de fortalecer el tema en las Municipalidades hacia los ciudadanos y hacia los \u00f3rganos de control.\n\nEn este espacio encontrar\u00e1 los documentos incluidos en la Gu\u00eda Estandarizada de Rendici\u00f3n de Cuentas para los Gobiernos Locales en los cuales se indican deben ser publicados en portales web y medios de comunicaci\u00f3n.<\/h4>\t\t\t\t<\/div>\n\t\t\t\t<\/div>\n\t\t\t\t\t<\/div>\n\t\t\t\t<\/div>\n\t\t\t\t<\/div>\n\t\t","protected":false},"excerpt":{"rendered":"<p>REGRESAR A MEN\u00da La rendici\u00f3n de cuentas es un espacio de comunicaci\u00f3n entre los servidores&#8230;<\/p>\n","protected":false},"author":4,"featured_media":0,"parent":0,"menu_order":0,"comment_status":"closed","ping_status":"closed","template":"","meta":{"_eb_attr":"","_monsterinsights_skip_tracking":false,"_monsterinsights_sitenote_active":false,"_monsterinsights_sitenote_note":"","_monsterinsights_sitenote_category":0,"footnotes":""},"class_list":["post-58448","page","type-page","status-publish","hentry"],"_links":{"self":[{"href":"https:\/\/municipalidaddenebaj.com\/index.php?rest_route=\/wp\/v2\/pages\/58448","targetHints":{"allow":["GET"]}}],"collection":[{"href":"https:\/\/municipalidaddenebaj.com\/index.php?rest_route=\/wp\/v2\/pages"}],"about":[{"href":"https:\/\/municipalidaddenebaj.com\/index.php?rest_route=\/wp\/v2\/types\/page"}],"author":[{"embeddable":true,"href":"https:\/\/municipalidaddenebaj.com\/index.php?rest_route=\/wp\/v2\/users\/4"}],"replies":[{"embeddable":true,"href":"https:\/\/municipalidaddenebaj.com\/index.php?rest_route=%2Fwp%2Fv2%2Fcomments&post=58448"}],"version-history":[{"count":0,"href":"https:\/\/municipalidaddenebaj.com\/index.php?rest_route=\/wp\/v2\/pages\/58448\/revisions"}],"wp:attachment":[{"href":"https:\/\/municipalidaddenebaj.com\/index.php?rest_route=%2Fwp%2Fv2%2Fmedia&parent=58448"}],"curies":[{"name":"wp","href":"https:\/\/api.w.org\/{rel}","templated":true}]}}