{"id":58613,"date":"2026-02-11T21:25:31","date_gmt":"2026-02-11T21:25:31","guid":{"rendered":"https:\/\/municipalidaddenebaj.com\/?page_id=58613"},"modified":"2026-02-11T21:30:42","modified_gmt":"2026-02-11T21:30:42","slug":"01c-marco-normativo","status":"publish","type":"page","link":"https:\/\/municipalidaddenebaj.com\/?page_id=58613","title":{"rendered":"01C. Marco normativo"},"content":{"rendered":"\t\t<div data-elementor-type=\"wp-page\" data-elementor-id=\"58613\" class=\"elementor elementor-58613\" data-elementor-settings=\"{&quot;ha_cmc_init_switcher&quot;:&quot;no&quot;}\">\n\t\t\t\t<div class=\"elementor-element elementor-element-d27e72d e-flex e-con-boxed e-con e-parent\" data-id=\"d27e72d\" data-element_type=\"container\" data-e-type=\"container\" data-settings=\"{&quot;_ha_eqh_enable&quot;:false}\">\n\t\t\t\t\t<div class=\"e-con-inner\">\n\t\t<div class=\"elementor-element elementor-element-9cc9f8b e-con-full e-flex e-con e-child\" data-id=\"9cc9f8b\" data-element_type=\"container\" data-e-type=\"container\" data-settings=\"{&quot;_ha_eqh_enable&quot;:false}\">\n\t\t\t\t<div class=\"elementor-element elementor-element-5f057fb elementor-widget elementor-widget-eael-creative-button\" data-id=\"5f057fb\" data-element_type=\"widget\" data-e-type=\"widget\" data-widget_type=\"eael-creative-button.default\">\n\t\t\t\t<div class=\"elementor-widget-container\">\n\t\t\t\t\t        <div class=\"eael-creative-button-wrapper\">\n\n            <a class=\"eael-creative-button eael-creative-button--default eael-cb-icon-position-\" href=\"https:\/\/municipalidaddenebaj.com\/?page_id=58548\" data-text=\"Go!\">\n            \t    \n                <div class=\"creative-button-inner\">\n\n                    \n                    <span class=\"cretive-button-text\">REGRESAR A MEN\u00da <\/span>\n\n                                    <\/div>\n\t                        <\/a>\n        <\/div>\n        \t\t\t\t<\/div>\n\t\t\t\t<\/div>\n\t\t\t\t<\/div>\n\t\t\t\t\t<\/div>\n\t\t\t\t<\/div>\n\t\t<div class=\"elementor-element elementor-element-5217cb1 e-flex e-con-boxed e-con e-parent\" data-id=\"5217cb1\" data-element_type=\"container\" data-e-type=\"container\" data-settings=\"{&quot;_ha_eqh_enable&quot;:false}\">\n\t\t\t\t\t<div class=\"e-con-inner\">\n\t\t\t\t<div class=\"elementor-element elementor-element-a86ce8d elementor-widget elementor-widget-n-accordion\" data-id=\"a86ce8d\" data-element_type=\"widget\" data-e-type=\"widget\" data-settings=\"{&quot;default_state&quot;:&quot;expanded&quot;,&quot;max_items_expended&quot;:&quot;one&quot;,&quot;n_accordion_animation_duration&quot;:{&quot;unit&quot;:&quot;ms&quot;,&quot;size&quot;:400,&quot;sizes&quot;:[]}}\" data-widget_type=\"nested-accordion.default\">\n\t\t\t\t<div class=\"elementor-widget-container\">\n\t\t\t\t\t\t\t<div class=\"e-n-accordion\" aria-label=\"Accordion. Open links with Enter or Space, close with Escape, and navigate with Arrow Keys\">\n\t\t\t\t\t\t<details id=\"e-n-accordion-item-1760\" class=\"e-n-accordion-item\" open>\n\t\t\t\t<summary class=\"e-n-accordion-item-title\" data-accordion-index=\"1\" tabindex=\"0\" aria-expanded=\"true\" aria-controls=\"e-n-accordion-item-1760\" >\n\t\t\t\t\t<span class='e-n-accordion-item-title-header'><div class=\"e-n-accordion-item-title-text\"> 01C. MARCO NORMATIVO <\/div><\/span>\n\t\t\t\t\t\t\t<span class='e-n-accordion-item-title-icon'>\n\t\t\t<span class='e-opened' ><svg aria-hidden=\"true\" class=\"e-font-icon-svg e-fas-minus\" viewBox=\"0 0 448 512\" xmlns=\"http:\/\/www.w3.org\/2000\/svg\"><path d=\"M416 208H32c-17.67 0-32 14.33-32 32v32c0 17.67 14.33 32 32 32h384c17.67 0 32-14.33 32-32v-32c0-17.67-14.33-32-32-32z\"><\/path><\/svg><\/span>\n\t\t\t<span class='e-closed'><svg aria-hidden=\"true\" class=\"e-font-icon-svg e-far-arrow-alt-circle-right\" viewBox=\"0 0 512 512\" xmlns=\"http:\/\/www.w3.org\/2000\/svg\"><path d=\"M504 256C504 119 393 8 256 8S8 119 8 256s111 248 248 248 248-111 248-248zm-448 0c0-110.5 89.5-200 200-200s200 89.5 200 200-89.5 200-200 200S56 366.5 56 256zm72 20v-40c0-6.6 5.4-12 12-12h116v-67c0-10.7 12.9-16 20.5-8.5l99 99c4.7 4.7 4.7 12.3 0 17l-99 99c-7.6 7.6-20.5 2.2-20.5-8.5v-67H140c-6.6 0-12-5.4-12-12z\"><\/path><\/svg><\/span>\n\t\t<\/span>\n\n\t\t\t\t\t\t<\/summary>\n\t\t\t\t<div role=\"region\" aria-labelledby=\"e-n-accordion-item-1760\" class=\"elementor-element elementor-element-3e5b682 e-con-full e-flex e-con e-child\" data-id=\"3e5b682\" data-element_type=\"container\" data-e-type=\"container\" data-settings=\"{&quot;_ha_eqh_enable&quot;:false}\">\n\t\t\t\t<div class=\"elementor-element elementor-element-4a3e77a elementor-widget elementor-widget-n-accordion\" data-id=\"4a3e77a\" data-element_type=\"widget\" data-e-type=\"widget\" data-settings=\"{&quot;default_state&quot;:&quot;all_collapsed&quot;,&quot;max_items_expended&quot;:&quot;one&quot;,&quot;n_accordion_animation_duration&quot;:{&quot;unit&quot;:&quot;ms&quot;,&quot;size&quot;:400,&quot;sizes&quot;:[]}}\" data-widget_type=\"nested-accordion.default\">\n\t\t\t\t<div class=\"elementor-widget-container\">\n\t\t\t\t\t\t\t<div class=\"e-n-accordion\" aria-label=\"Accordion. Open links with Enter or Space, close with Escape, and navigate with Arrow Keys\">\n\t\t\t\t\t\t<details id=\"e-n-accordion-item-7780\" class=\"e-n-accordion-item\" >\n\t\t\t\t<summary class=\"e-n-accordion-item-title\" data-accordion-index=\"1\" tabindex=\"0\" aria-expanded=\"false\" aria-controls=\"e-n-accordion-item-7780\" >\n\t\t\t\t\t<span class='e-n-accordion-item-title-header'><div class=\"e-n-accordion-item-title-text\"> 2026 <\/div><\/span>\n\t\t\t\t\t\t\t<span class='e-n-accordion-item-title-icon'>\n\t\t\t<span class='e-opened' ><svg aria-hidden=\"true\" class=\"e-font-icon-svg e-fas-folder-open\" viewBox=\"0 0 576 512\" xmlns=\"http:\/\/www.w3.org\/2000\/svg\"><path d=\"M572.694 292.093L500.27 416.248A63.997 63.997 0 0 1 444.989 448H45.025c-18.523 0-30.064-20.093-20.731-36.093l72.424-124.155A64 64 0 0 1 152 256h399.964c18.523 0 30.064 20.093 20.73 36.093zM152 224h328v-48c0-26.51-21.49-48-48-48H272l-64-64H48C21.49 64 0 85.49 0 112v278.046l69.077-118.418C86.214 242.25 117.989 224 152 224z\"><\/path><\/svg><\/span>\n\t\t\t<span class='e-closed'><svg aria-hidden=\"true\" class=\"e-font-icon-svg e-fas-folder-minus\" viewBox=\"0 0 512 512\" xmlns=\"http:\/\/www.w3.org\/2000\/svg\"><path d=\"M464 128H272l-64-64H48C21.49 64 0 85.49 0 112v288c0 26.51 21.49 48 48 48h416c26.51 0 48-21.49 48-48V176c0-26.51-21.49-48-48-48zm-96 168c0 8.84-7.16 16-16 16H160c-8.84 0-16-7.16-16-16v-16c0-8.84 7.16-16 16-16h192c8.84 0 16 7.16 16 16v16z\"><\/path><\/svg><\/span>\n\t\t<\/span>\n\n\t\t\t\t\t\t<\/summary>\n\t\t\t\t<div role=\"region region\" aria-labelledby=\"e-n-accordion-item-1760 e-n-accordion-item-7780\" class=\"elementor-element elementor-element-aba8f2c e-con-full e-flex e-con e-child\" data-id=\"aba8f2c\" data-element_type=\"container\" data-e-type=\"container\" data-settings=\"{&quot;_ha_eqh_enable&quot;:false}\">\n\t\t<div role=\"region region\" aria-labelledby=\"e-n-accordion-item-1760 e-n-accordion-item-7780\" class=\"elementor-element elementor-element-357c606 e-flex e-con-boxed e-con e-child\" data-id=\"357c606\" data-element_type=\"container\" data-e-type=\"container\" data-settings=\"{&quot;_ha_eqh_enable&quot;:false}\">\n\t\t\t\t\t<div class=\"e-con-inner\">\n\t\t\t\t<div class=\"elementor-element elementor-element-cc047f8 elementor-widget elementor-widget-eael-adv-accordion\" data-id=\"cc047f8\" data-element_type=\"widget\" data-e-type=\"widget\" data-widget_type=\"eael-adv-accordion.default\">\n\t\t\t\t<div class=\"elementor-widget-container\">\n\t\t\t\t\t            <div class=\"eael-adv-accordion\" id=\"eael-adv-accordion-cc047f8\" data-scroll-on-click=\"no\" data-scroll-speed=\"300\" data-accordion-id=\"cc047f8\" data-accordion-type=\"accordion\" data-toogle-speed=\"300\">\n            <div class=\"eael-accordion-list\">\n\t\t\t\t\t<div id=\"01c\" class=\"elementor-tab-title eael-accordion-header active-default\" tabindex=\"0\" data-tab=\"1\" aria-controls=\"elementor-tab-content-2131\"><span class=\"eael-advanced-accordion-icon-closed\"><svg aria-hidden=\"true\" class=\"fa-accordion-icon e-font-icon-svg e-fas-plus\" viewBox=\"0 0 448 512\" xmlns=\"http:\/\/www.w3.org\/2000\/svg\"><path d=\"M416 208H272V64c0-17.67-14.33-32-32-32h-32c-17.67 0-32 14.33-32 32v144H32c-17.67 0-32 14.33-32 32v32c0 17.67 14.33 32 32 32h144v144c0 17.67 14.33 32 32 32h32c17.67 0 32-14.33 32-32V304h144c17.67 0 32-14.33 32-32v-32c0-17.67-14.33-32-32-32z\"><\/path><\/svg><\/span><span class=\"eael-advanced-accordion-icon-opened\"><svg aria-hidden=\"true\" class=\"fa-accordion-icon e-font-icon-svg e-fas-minus\" viewBox=\"0 0 448 512\" xmlns=\"http:\/\/www.w3.org\/2000\/svg\"><path d=\"M416 208H32c-17.67 0-32 14.33-32 32v32c0 17.67 14.33 32 32 32h384c17.67 0 32-14.33 32-32v-32c0-17.67-14.33-32-32-32z\"><\/path><\/svg><\/span><span class=\"eael-accordion-tab-title\">01C.<\/span><svg aria-hidden=\"true\" class=\"fa-toggle e-font-icon-svg e-fas-angle-right\" viewBox=\"0 0 256 512\" xmlns=\"http:\/\/www.w3.org\/2000\/svg\"><path d=\"M224.3 273l-136 136c-9.4 9.4-24.6 9.4-33.9 0l-22.6-22.6c-9.4-9.4-9.4-24.6 0-33.9l96.4-96.4-96.4-96.4c-9.4-9.4-9.4-24.6 0-33.9L54.3 103c9.4-9.4 24.6-9.4 33.9 0l136 136c9.5 9.4 9.5 24.6.1 34z\"><\/path><\/svg><\/div><div id=\"elementor-tab-content-2131\" class=\"eael-accordion-content clearfix active-default\" data-tab=\"1\" aria-labelledby=\"01c\"><h5><span style=\"color: #000000\"><a style=\"color: #000000\" href=\"https:\/\/municipalidadixcan.laip.gt\/index.php?preview=1&amp;option=com_dropfiles&amp;format=&amp;task=frontfile.download&amp;catid=1052&amp;id=1-iGA9Wzn2XkTJOKsILhzlbAN7oiI0Rfo&amp;Itemid=1000000000000\"><img decoding=\"async\" class=\"alignnone\"  title=\"\"  src=\"https:\/\/municipalidaddenebaj.com\/wp-content\/uploads\/2025\/05\/formato-archivo-pdf-icono-3d_643365-529-1-594x594.png\"  alt=\"formato-archivo-pdf-icono-3d_643365-529-1-594x594 01C. Marco normativo\"  width=\"72\" height=\"72\" \/><\/a><a class=\"dropfiles_downloadlink\" style=\"color: #000000\" title=\"01C012025 CONSTITUCI\u00d3N POLITICA DE LA REP\u00daBLICA DE GUATEMALA\" href=\"https:\/\/municipalidadixcan.laip.gt\/index.php\/files\/1052\/01C-MARCO-NORMATIVO\/1-iGA9Wzn2XkTJOKsILhzlbAN7oiI0Rfo\/01C012025-CONSTITUCION-POLITICA-DE-LA-REPUBLICA-DE-GUATEMALA.pdf\">01A012026 CONSTITUCI\u00d3N POLITICA DE LA REP\u00daBLICA DE GUATEMALA<\/a><\/span><\/h5><h5><span style=\"color: #000000\"><a style=\"color: #000000\" href=\"https:\/\/municipalidadixcan.laip.gt\/index.php?preview=1&amp;option=com_dropfiles&amp;format=&amp;task=frontfile.download&amp;catid=1052&amp;id=1yJRDgekdSDy7BIaf2fm0HyNkITIJ9VfC&amp;Itemid=1000000000000\"><img decoding=\"async\" class=\"alignnone\"  title=\"\"  src=\"https:\/\/municipalidaddenebaj.com\/wp-content\/uploads\/2025\/05\/formato-archivo-pdf-icono-3d_643365-529-1-594x594.png\"  alt=\"formato-archivo-pdf-icono-3d_643365-529-1-594x594 01C. Marco normativo\"  width=\"72\" height=\"72\" \/><\/a><a class=\"dropfiles_downloadlink\" style=\"color: #000000\" title=\"01C022025 C\u00d3DIGO MUNICIPAL\" href=\"https:\/\/municipalidadixcan.laip.gt\/index.php\/files\/1052\/01C-MARCO-NORMATIVO\/1yJRDgekdSDy7BIaf2fm0HyNkITIJ9VfC\/01C022025-CODIGO-MUNICIPAL.pdf\">01B022026 C\u00d3DIGO MUNICIPAL<\/a><\/span><\/h5><h5><span style=\"color: #000000\"><a style=\"color: #000000\" href=\"https:\/\/municipalidadixcan.laip.gt\/index.php?preview=1&amp;option=com_dropfiles&amp;format=&amp;task=frontfile.download&amp;catid=1052&amp;id=1nj-vX7af67axpDneeUujJxFxXvqvfB4Y&amp;Itemid=1000000000000\"><img decoding=\"async\" class=\"alignnone\"  title=\"\"  src=\"https:\/\/municipalidaddenebaj.com\/wp-content\/uploads\/2025\/05\/formato-archivo-pdf-icono-3d_643365-529-1-594x594.png\"  alt=\"formato-archivo-pdf-icono-3d_643365-529-1-594x594 01C. Marco normativo\"  width=\"72\" height=\"72\" \/><\/a><a class=\"dropfiles_downloadlink\" style=\"color: #000000\" title=\"01C032025 LEY DE CONSEJOS DE DESARROLLO URBANO Y RURAL\" href=\"https:\/\/municipalidadixcan.laip.gt\/index.php\/files\/1052\/01C-MARCO-NORMATIVO\/1nj-vX7af67axpDneeUujJxFxXvqvfB4Y\/01C032025-LEY-DE-CONSEJOS-DE-DESARROLLO-URBANO-Y-RURAL.pdf\">01C032026\u00a0 LEY DE CONSEJOS DE DESARROLLO URBANO Y RURAL<\/a><\/span><\/h5><h5><span style=\"color: #000000\"><a style=\"color: #000000\" href=\"https:\/\/municipalidadixcan.laip.gt\/index.php?preview=1&amp;option=com_dropfiles&amp;format=&amp;task=frontfile.download&amp;catid=1052&amp;id=14JaVT7jY1B75lJwZsrTzhvlmNw1DHB0q&amp;Itemid=1000000000000\"><img decoding=\"async\" class=\"alignnone\"  title=\"\"  src=\"https:\/\/municipalidaddenebaj.com\/wp-content\/uploads\/2025\/05\/formato-archivo-pdf-icono-3d_643365-529-1-594x594.png\"  alt=\"formato-archivo-pdf-icono-3d_643365-529-1-594x594 01C. Marco normativo\"  width=\"72\" height=\"72\" \/><\/a><a class=\"dropfiles_downloadlink\" style=\"color: #000000\" title=\"01C042025 LEY DE ACCESO A LA INFORMACION PUBLICA\" href=\"https:\/\/municipalidadixcan.laip.gt\/index.php\/files\/1052\/01C-MARCO-NORMATIVO\/14JaVT7jY1B75lJwZsrTzhvlmNw1DHB0q\/01C042025-LEY-DE-ACCESO-A-LA-INFORMACION-PUBLICA.pdf\">01D042026 LEY DE ACCESO A LA INFORMACION PUBLICA<\/a><\/span><\/h5><h5><span style=\"color: #000000\"><a style=\"color: #000000\" href=\"https:\/\/municipalidaddenebaj.com\/wp-content\/uploads\/2022\/01\/REGLAMENTO-DEL-COMUDE-1.pdf\"><img decoding=\"async\" class=\"alignnone\"  title=\"\"  src=\"https:\/\/municipalidaddenebaj.com\/wp-content\/uploads\/2025\/05\/formato-archivo-pdf-icono-3d_643365-529-1-594x594.png\"  alt=\"formato-archivo-pdf-icono-3d_643365-529-1-594x594 01C. Marco normativo\"  width=\"72\" height=\"72\" \/><\/a><a style=\"color: #000000\" href=\"https:\/\/municipalidaddenebaj.com\/wp-content\/uploads\/2022\/01\/REGLAMENTO-DEL-COMUDE-1.pdf\">01E2026 REGLAMENTO DE COMUDE<\/a><\/span><\/h5><\/div>\n\t\t\t\t\t<\/div><\/div>\t\t\t\t<\/div>\n\t\t\t\t<\/div>\n\t\t\t\t\t<\/div>\n\t\t\t\t<\/div>\n\t\t\t\t<\/div>\n\t\t\t\t\t<\/details>\n\t\t\t\t\t\t<details id=\"e-n-accordion-item-7781\" class=\"e-n-accordion-item\" >\n\t\t\t\t<summary class=\"e-n-accordion-item-title\" data-accordion-index=\"2\" tabindex=\"-1\" aria-expanded=\"false\" aria-controls=\"e-n-accordion-item-7781\" >\n\t\t\t\t\t<span class='e-n-accordion-item-title-header'><div class=\"e-n-accordion-item-title-text\"> 2025 <\/div><\/span>\n\t\t\t\t\t\t\t<span class='e-n-accordion-item-title-icon'>\n\t\t\t<span class='e-opened' ><svg aria-hidden=\"true\" class=\"e-font-icon-svg e-fas-folder-open\" viewBox=\"0 0 576 512\" xmlns=\"http:\/\/www.w3.org\/2000\/svg\"><path d=\"M572.694 292.093L500.27 416.248A63.997 63.997 0 0 1 444.989 448H45.025c-18.523 0-30.064-20.093-20.731-36.093l72.424-124.155A64 64 0 0 1 152 256h399.964c18.523 0 30.064 20.093 20.73 36.093zM152 224h328v-48c0-26.51-21.49-48-48-48H272l-64-64H48C21.49 64 0 85.49 0 112v278.046l69.077-118.418C86.214 242.25 117.989 224 152 224z\"><\/path><\/svg><\/span>\n\t\t\t<span class='e-closed'><svg aria-hidden=\"true\" class=\"e-font-icon-svg e-fas-folder-minus\" viewBox=\"0 0 512 512\" xmlns=\"http:\/\/www.w3.org\/2000\/svg\"><path d=\"M464 128H272l-64-64H48C21.49 64 0 85.49 0 112v288c0 26.51 21.49 48 48 48h416c26.51 0 48-21.49 48-48V176c0-26.51-21.49-48-48-48zm-96 168c0 8.84-7.16 16-16 16H160c-8.84 0-16-7.16-16-16v-16c0-8.84 7.16-16 16-16h192c8.84 0 16 7.16 16 16v16z\"><\/path><\/svg><\/span>\n\t\t<\/span>\n\n\t\t\t\t\t\t<\/summary>\n\t\t\t\t<div role=\"region region\" aria-labelledby=\"e-n-accordion-item-1760 e-n-accordion-item-7781\" class=\"elementor-element elementor-element-61cd4d7 e-con-full e-flex e-con e-child\" data-id=\"61cd4d7\" data-element_type=\"container\" data-e-type=\"container\" data-settings=\"{&quot;_ha_eqh_enable&quot;:false}\">\n\t\t<div role=\"region region\" aria-labelledby=\"e-n-accordion-item-1760 e-n-accordion-item-7781\" class=\"elementor-element elementor-element-b560f24 e-flex e-con-boxed e-con e-child\" data-id=\"b560f24\" data-element_type=\"container\" data-e-type=\"container\" data-settings=\"{&quot;_ha_eqh_enable&quot;:false}\">\n\t\t\t\t\t<div class=\"e-con-inner\">\n\t\t\t\t<div class=\"elementor-element elementor-element-66a9bc2 elementor-widget elementor-widget-eael-adv-accordion\" data-id=\"66a9bc2\" data-element_type=\"widget\" data-e-type=\"widget\" data-widget_type=\"eael-adv-accordion.default\">\n\t\t\t\t<div class=\"elementor-widget-container\">\n\t\t\t\t\t            <div class=\"eael-adv-accordion\" id=\"eael-adv-accordion-66a9bc2\" data-scroll-on-click=\"no\" data-scroll-speed=\"300\" data-accordion-id=\"66a9bc2\" data-accordion-type=\"accordion\" data-toogle-speed=\"300\">\n            <div class=\"eael-accordion-list\">\n\t\t\t\t\t<div id=\"haz-clic-aqui\" class=\"elementor-tab-title eael-accordion-header\" tabindex=\"0\" data-tab=\"1\" aria-controls=\"elementor-tab-content-1071\"><span class=\"eael-accordion-tab-title\">HAZ CLIC AQUI<\/span><svg aria-hidden=\"true\" class=\"fa-toggle e-font-icon-svg e-fas-angle-right\" viewBox=\"0 0 256 512\" xmlns=\"http:\/\/www.w3.org\/2000\/svg\"><path d=\"M224.3 273l-136 136c-9.4 9.4-24.6 9.4-33.9 0l-22.6-22.6c-9.4-9.4-9.4-24.6 0-33.9l96.4-96.4-96.4-96.4c-9.4-9.4-9.4-24.6 0-33.9L54.3 103c9.4-9.4 24.6-9.4 33.9 0l136 136c9.5 9.4 9.5 24.6.1 34z\"><\/path><\/svg><\/div><div id=\"elementor-tab-content-1071\" class=\"eael-accordion-content clearfix\" data-tab=\"1\" aria-labelledby=\"haz-clic-aqui\"><h5><a href=\"https:\/\/municipalidadixcan.laip.gt\/index.php?preview=1&amp;option=com_dropfiles&amp;format=&amp;task=frontfile.download&amp;catid=1052&amp;id=1-iGA9Wzn2XkTJOKsILhzlbAN7oiI0Rfo&amp;Itemid=1000000000000\"><img decoding=\"async\" class=\"alignnone\"  title=\"\"  src=\"https:\/\/municipalidaddenebaj.com\/wp-content\/uploads\/2025\/05\/formato-archivo-pdf-icono-3d_643365-529-1-594x594.png\"  alt=\"formato-archivo-pdf-icono-3d_643365-529-1-594x594 01C. Marco normativo\"  width=\"72\" height=\"72\" \/><\/a><strong><a class=\"dropfiles_downloadlink\" title=\"01C012025 CONSTITUCI\u00d3N POLITICA DE LA REP\u00daBLICA DE GUATEMALA\" href=\"https:\/\/municipalidadixcan.laip.gt\/index.php\/files\/1052\/01C-MARCO-NORMATIVO\/1-iGA9Wzn2XkTJOKsILhzlbAN7oiI0Rfo\/01C012025-CONSTITUCION-POLITICA-DE-LA-REPUBLICA-DE-GUATEMALA.pdf\">01A012025 CONSTITUCI\u00d3N POLITICA DE LA REP\u00daBLICA DE GUATEMALA<\/a><\/strong><\/h5><h5><a href=\"https:\/\/municipalidadixcan.laip.gt\/index.php?preview=1&amp;option=com_dropfiles&amp;format=&amp;task=frontfile.download&amp;catid=1052&amp;id=1yJRDgekdSDy7BIaf2fm0HyNkITIJ9VfC&amp;Itemid=1000000000000\"><img decoding=\"async\" class=\"alignnone\"  title=\"\"  src=\"https:\/\/municipalidaddenebaj.com\/wp-content\/uploads\/2025\/05\/formato-archivo-pdf-icono-3d_643365-529-1-594x594.png\"  alt=\"formato-archivo-pdf-icono-3d_643365-529-1-594x594 01C. Marco normativo\"  width=\"72\" height=\"72\" \/><\/a><a class=\"dropfiles_downloadlink\" title=\"01C022025 C\u00d3DIGO MUNICIPAL\" href=\"https:\/\/municipalidadixcan.laip.gt\/index.php\/files\/1052\/01C-MARCO-NORMATIVO\/1yJRDgekdSDy7BIaf2fm0HyNkITIJ9VfC\/01C022025-CODIGO-MUNICIPAL.pdf\">01B022025 C\u00d3DIGO MUNICIPAL<\/a><\/h5><h5><a href=\"https:\/\/municipalidadixcan.laip.gt\/index.php?preview=1&amp;option=com_dropfiles&amp;format=&amp;task=frontfile.download&amp;catid=1052&amp;id=1nj-vX7af67axpDneeUujJxFxXvqvfB4Y&amp;Itemid=1000000000000\"><img decoding=\"async\" class=\"alignnone\"  title=\"\"  src=\"https:\/\/municipalidaddenebaj.com\/wp-content\/uploads\/2025\/05\/formato-archivo-pdf-icono-3d_643365-529-1-594x594.png\"  alt=\"formato-archivo-pdf-icono-3d_643365-529-1-594x594 01C. Marco normativo\"  width=\"72\" height=\"72\" \/><\/a><a class=\"dropfiles_downloadlink\" title=\"01C032025 LEY DE CONSEJOS DE DESARROLLO URBANO Y RURAL\" href=\"https:\/\/municipalidadixcan.laip.gt\/index.php\/files\/1052\/01C-MARCO-NORMATIVO\/1nj-vX7af67axpDneeUujJxFxXvqvfB4Y\/01C032025-LEY-DE-CONSEJOS-DE-DESARROLLO-URBANO-Y-RURAL.pdf\">01C032025 LEY DE CONSEJOS DE DESARROLLO URBANO Y RURAL<\/a><\/h5><h5><a href=\"https:\/\/municipalidadixcan.laip.gt\/index.php?preview=1&amp;option=com_dropfiles&amp;format=&amp;task=frontfile.download&amp;catid=1052&amp;id=14JaVT7jY1B75lJwZsrTzhvlmNw1DHB0q&amp;Itemid=1000000000000\"><img decoding=\"async\" class=\"alignnone\"  title=\"\"  src=\"https:\/\/municipalidaddenebaj.com\/wp-content\/uploads\/2025\/05\/formato-archivo-pdf-icono-3d_643365-529-1-594x594.png\"  alt=\"formato-archivo-pdf-icono-3d_643365-529-1-594x594 01C. Marco normativo\"  width=\"72\" height=\"72\" \/><\/a><a class=\"dropfiles_downloadlink\" title=\"01C042025 LEY DE ACCESO A LA INFORMACION PUBLICA\" href=\"https:\/\/municipalidadixcan.laip.gt\/index.php\/files\/1052\/01C-MARCO-NORMATIVO\/14JaVT7jY1B75lJwZsrTzhvlmNw1DHB0q\/01C042025-LEY-DE-ACCESO-A-LA-INFORMACION-PUBLICA.pdf\">01D042025 LEY DE ACCESO A LA INFORMACION PUBLICA<\/a><\/h5><h5><a href=\"https:\/\/municipalidaddenebaj.com\/wp-content\/uploads\/2022\/01\/REGLAMENTO-DEL-COMUDE-1.pdf\"><img decoding=\"async\" class=\"alignnone\"  title=\"\"  src=\"https:\/\/municipalidaddenebaj.com\/wp-content\/uploads\/2025\/05\/formato-archivo-pdf-icono-3d_643365-529-1-594x594.png\"  alt=\"formato-archivo-pdf-icono-3d_643365-529-1-594x594 01C. Marco normativo\"  width=\"72\" height=\"72\" \/><\/a><strong><a href=\"https:\/\/municipalidaddenebaj.com\/wp-content\/uploads\/2022\/01\/REGLAMENTO-DEL-COMUDE-1.pdf\">01E2025 REGLAMENTO DE COMUDE<\/a><\/strong><\/h5><\/div>\n\t\t\t\t\t<\/div><\/div>\t\t\t\t<\/div>\n\t\t\t\t<\/div>\n\t\t\t\t\t<\/div>\n\t\t\t\t<\/div>\n\t\t\t\t<\/div>\n\t\t\t\t\t<\/details>\n\t\t\t\t\t\t<details id=\"e-n-accordion-item-7782\" class=\"e-n-accordion-item\" >\n\t\t\t\t<summary class=\"e-n-accordion-item-title\" data-accordion-index=\"3\" tabindex=\"-1\" aria-expanded=\"false\" aria-controls=\"e-n-accordion-item-7782\" >\n\t\t\t\t\t<span class='e-n-accordion-item-title-header'><div class=\"e-n-accordion-item-title-text\"> 2024 <\/div><\/span>\n\t\t\t\t\t\t\t<span class='e-n-accordion-item-title-icon'>\n\t\t\t<span class='e-opened' ><svg aria-hidden=\"true\" class=\"e-font-icon-svg e-fas-folder-open\" viewBox=\"0 0 576 512\" xmlns=\"http:\/\/www.w3.org\/2000\/svg\"><path d=\"M572.694 292.093L500.27 416.248A63.997 63.997 0 0 1 444.989 448H45.025c-18.523 0-30.064-20.093-20.731-36.093l72.424-124.155A64 64 0 0 1 152 256h399.964c18.523 0 30.064 20.093 20.73 36.093zM152 224h328v-48c0-26.51-21.49-48-48-48H272l-64-64H48C21.49 64 0 85.49 0 112v278.046l69.077-118.418C86.214 242.25 117.989 224 152 224z\"><\/path><\/svg><\/span>\n\t\t\t<span class='e-closed'><svg aria-hidden=\"true\" class=\"e-font-icon-svg e-fas-folder-minus\" viewBox=\"0 0 512 512\" xmlns=\"http:\/\/www.w3.org\/2000\/svg\"><path d=\"M464 128H272l-64-64H48C21.49 64 0 85.49 0 112v288c0 26.51 21.49 48 48 48h416c26.51 0 48-21.49 48-48V176c0-26.51-21.49-48-48-48zm-96 168c0 8.84-7.16 16-16 16H160c-8.84 0-16-7.16-16-16v-16c0-8.84 7.16-16 16-16h192c8.84 0 16 7.16 16 16v16z\"><\/path><\/svg><\/span>\n\t\t<\/span>\n\n\t\t\t\t\t\t<\/summary>\n\t\t\t\t<div role=\"region region\" aria-labelledby=\"e-n-accordion-item-1760 e-n-accordion-item-7782\" class=\"elementor-element elementor-element-4efd8d5 e-con-full e-flex e-con e-child\" data-id=\"4efd8d5\" data-element_type=\"container\" data-e-type=\"container\" data-settings=\"{&quot;_ha_eqh_enable&quot;:false}\">\n\t\t<div role=\"region region\" aria-labelledby=\"e-n-accordion-item-1760 e-n-accordion-item-7782\" class=\"elementor-element elementor-element-480cac3 e-flex e-con-boxed e-con e-child\" data-id=\"480cac3\" data-element_type=\"container\" data-e-type=\"container\" data-settings=\"{&quot;_ha_eqh_enable&quot;:false}\">\n\t\t\t\t\t<div class=\"e-con-inner\">\n\t\t\t\t<div class=\"elementor-element elementor-element-25eda5c elementor-widget elementor-widget-eael-adv-accordion\" data-id=\"25eda5c\" data-element_type=\"widget\" data-e-type=\"widget\" data-widget_type=\"eael-adv-accordion.default\">\n\t\t\t\t<div class=\"elementor-widget-container\">\n\t\t\t\t\t            <div class=\"eael-adv-accordion\" id=\"eael-adv-accordion-25eda5c\" data-scroll-on-click=\"no\" data-scroll-speed=\"300\" data-accordion-id=\"25eda5c\" data-accordion-type=\"accordion\" data-toogle-speed=\"300\">\n            <div class=\"eael-accordion-list\">\n\t\t\t\t\t<div id=\"haz-clic-aqui-\" class=\"elementor-tab-title eael-accordion-header\" tabindex=\"0\" data-tab=\"1\" aria-controls=\"elementor-tab-content-3971\"><span class=\"eael-accordion-tab-title\">HAZ CLIC AQUI <\/span><svg aria-hidden=\"true\" class=\"fa-toggle e-font-icon-svg e-fas-angle-right\" viewBox=\"0 0 256 512\" xmlns=\"http:\/\/www.w3.org\/2000\/svg\"><path d=\"M224.3 273l-136 136c-9.4 9.4-24.6 9.4-33.9 0l-22.6-22.6c-9.4-9.4-9.4-24.6 0-33.9l96.4-96.4-96.4-96.4c-9.4-9.4-9.4-24.6 0-33.9L54.3 103c9.4-9.4 24.6-9.4 33.9 0l136 136c9.5 9.4 9.5 24.6.1 34z\"><\/path><\/svg><\/div><div id=\"elementor-tab-content-3971\" class=\"eael-accordion-content clearfix\" data-tab=\"1\" aria-labelledby=\"haz-clic-aqui-\"><ul><li><strong><a href=\"https:\/\/municipalidaddenebaj.com\/wp-content\/uploads\/2022\/01\/REGLAMENTO-DEL-COMUDE-1.pdf\">01E2024 REGLAMENTO DE COMUDE<\/a><\/strong><\/li><li><strong><a href=\"https:\/\/municipalidaddenebaj.com\/wp-content\/uploads\/2024\/02\/01C012023-CONSTITUCION-POLITICA-DE-LA-REPUBLICA-DE-GUATEMALA-1.pdf\">01C012024 CONSTITUCI\u00d3N POLITICA DE LA REP\u00daBLICA DE GUATEMALA<\/a><\/strong><\/li><li><strong><a href=\"https:\/\/municipalidaddenebaj.com\/wp-content\/uploads\/2024\/02\/01C022023-CODIGO-MUNICIPAL.pdf\">01C022023 C\u00d3DIGO MUNICIPAL<\/a><\/strong><\/li><li><strong><a href=\"https:\/\/municipalidaddenebaj.com\/wp-content\/uploads\/2024\/02\/01C032023-LEY-DE-CONSEJOS-DE-DESARROLLO-URBANO-Y-RURAL.pdf\">01C032023 LEY DE CONSEJOS DE DESARROLLO URBANO Y RURAL<\/a><\/strong><\/li><li><strong><a href=\"https:\/\/municipalidaddenebaj.com\/wp-content\/uploads\/2024\/02\/01C042023-LEY-DE-ACCESO-A-LA-INFORMACION-PUBLICA.pdf\">01C042023 LEY DE ACCESO A LA INFORMACION PUBLICA<\/a><\/strong><\/li><\/ul><\/div>\n\t\t\t\t\t<\/div><\/div>\t\t\t\t<\/div>\n\t\t\t\t<\/div>\n\t\t\t\t\t<\/div>\n\t\t\t\t<\/div>\n\t\t\t\t<\/div>\n\t\t\t\t\t<\/details>\n\t\t\t\t\t<\/div>\n\t\t\t\t\t\t<\/div>\n\t\t\t\t<\/div>\n\t\t\t\t<\/div>\n\t\t\t\t\t<\/details>\n\t\t\t\t\t<\/div>\n\t\t\t\t\t\t<\/div>\n\t\t\t\t<\/div>\n\t\t\t\t\t<\/div>\n\t\t\t\t<\/div>\n\t\t\t\t<\/div>\n\t\t","protected":false},"excerpt":{"rendered":"<p>REGRESAR A MEN\u00da 01C. MARCO NORMATIVO 2026 01C. 01A012026 CONSTITUCI\u00d3N POLITICA DE LA REP\u00daBLICA DE&#8230;<\/p>\n","protected":false},"author":4,"featured_media":0,"parent":0,"menu_order":0,"comment_status":"closed","ping_status":"closed","template":"","meta":{"_eb_attr":"","_monsterinsights_skip_tracking":false,"_monsterinsights_sitenote_active":false,"_monsterinsights_sitenote_note":"","_monsterinsights_sitenote_category":0,"footnotes":""},"class_list":["post-58613","page","type-page","status-publish","hentry"],"_links":{"self":[{"href":"https:\/\/municipalidaddenebaj.com\/index.php?rest_route=\/wp\/v2\/pages\/58613","targetHints":{"allow":["GET"]}}],"collection":[{"href":"https:\/\/municipalidaddenebaj.com\/index.php?rest_route=\/wp\/v2\/pages"}],"about":[{"href":"https:\/\/municipalidaddenebaj.com\/index.php?rest_route=\/wp\/v2\/types\/page"}],"author":[{"embeddable":true,"href":"https:\/\/municipalidaddenebaj.com\/index.php?rest_route=\/wp\/v2\/users\/4"}],"replies":[{"embeddable":true,"href":"https:\/\/municipalidaddenebaj.com\/index.php?rest_route=%2Fwp%2Fv2%2Fcomments&post=58613"}],"version-history":[{"count":0,"href":"https:\/\/municipalidaddenebaj.com\/index.php?rest_route=\/wp\/v2\/pages\/58613\/revisions"}],"wp:attachment":[{"href":"https:\/\/municipalidaddenebaj.com\/index.php?rest_route=%2Fwp%2Fv2%2Fmedia&parent=58613"}],"curies":[{"name":"wp","href":"https:\/\/api.w.org\/{rel}","templated":true}]}}