{"id":58628,"date":"2026-02-11T21:32:15","date_gmt":"2026-02-11T21:32:15","guid":{"rendered":"https:\/\/municipalidaddenebaj.com\/?page_id=58628"},"modified":"2026-02-11T21:35:11","modified_gmt":"2026-02-11T21:35:11","slug":"02a-direccion-y-telefonos","status":"publish","type":"page","link":"https:\/\/municipalidaddenebaj.com\/?page_id=58628","title":{"rendered":"02A. Direcci\u00f3n y tel\u00e9fonos"},"content":{"rendered":"\t\t<div data-elementor-type=\"wp-page\" data-elementor-id=\"58628\" class=\"elementor elementor-58628\" data-elementor-settings=\"{&quot;ha_cmc_init_switcher&quot;:&quot;no&quot;}\">\n\t\t\t\t<div class=\"elementor-element elementor-element-48f8eee e-flex e-con-boxed e-con e-parent\" data-id=\"48f8eee\" data-element_type=\"container\" data-e-type=\"container\" data-settings=\"{&quot;_ha_eqh_enable&quot;:false}\">\n\t\t\t\t\t<div class=\"e-con-inner\">\n\t\t<div class=\"elementor-element elementor-element-352bc54 e-con-full e-flex e-con e-child\" data-id=\"352bc54\" data-element_type=\"container\" data-e-type=\"container\" data-settings=\"{&quot;_ha_eqh_enable&quot;:false}\">\n\t\t\t\t<div class=\"elementor-element elementor-element-8bc9fed elementor-widget elementor-widget-eael-creative-button\" data-id=\"8bc9fed\" data-element_type=\"widget\" data-e-type=\"widget\" data-widget_type=\"eael-creative-button.default\">\n\t\t\t\t<div class=\"elementor-widget-container\">\n\t\t\t\t\t        <div class=\"eael-creative-button-wrapper\">\n\n            <a class=\"eael-creative-button eael-creative-button--default eael-cb-icon-position-\" href=\"https:\/\/municipalidaddenebaj.com\/?page_id=58548\" data-text=\"Go!\">\n            \t    \n                <div class=\"creative-button-inner\">\n\n                    \n                    <span class=\"cretive-button-text\">REGRESAR A MEN\u00da <\/span>\n\n                                    <\/div>\n\t                        <\/a>\n        <\/div>\n        \t\t\t\t<\/div>\n\t\t\t\t<\/div>\n\t\t\t\t<\/div>\n\t\t\t\t\t<\/div>\n\t\t\t\t<\/div>\n\t\t<div class=\"elementor-element elementor-element-24b9fed e-flex e-con-boxed e-con e-parent\" data-id=\"24b9fed\" data-element_type=\"container\" data-e-type=\"container\" data-settings=\"{&quot;_ha_eqh_enable&quot;:false}\">\n\t\t\t\t\t<div class=\"e-con-inner\">\n\t\t\t\t<div class=\"elementor-element elementor-element-070688e elementor-widget elementor-widget-n-accordion\" data-id=\"070688e\" data-element_type=\"widget\" data-e-type=\"widget\" data-settings=\"{&quot;default_state&quot;:&quot;expanded&quot;,&quot;max_items_expended&quot;:&quot;one&quot;,&quot;n_accordion_animation_duration&quot;:{&quot;unit&quot;:&quot;ms&quot;,&quot;size&quot;:400,&quot;sizes&quot;:[]}}\" data-widget_type=\"nested-accordion.default\">\n\t\t\t\t<div class=\"elementor-widget-container\">\n\t\t\t\t\t\t\t<div class=\"e-n-accordion\" aria-label=\"Accordion. Open links with Enter or Space, close with Escape, and navigate with Arrow Keys\">\n\t\t\t\t\t\t<details id=\"e-n-accordion-item-7360\" class=\"e-n-accordion-item\" open>\n\t\t\t\t<summary class=\"e-n-accordion-item-title\" data-accordion-index=\"1\" tabindex=\"0\" aria-expanded=\"true\" aria-controls=\"e-n-accordion-item-7360\" >\n\t\t\t\t\t<span class='e-n-accordion-item-title-header'><div class=\"e-n-accordion-item-title-text\"> 02A. DIRECCI\u00d3N Y TELEFONOS <\/div><\/span>\n\t\t\t\t\t\t\t<span class='e-n-accordion-item-title-icon'>\n\t\t\t<span class='e-opened' ><svg aria-hidden=\"true\" class=\"e-font-icon-svg e-fas-minus\" viewBox=\"0 0 448 512\" xmlns=\"http:\/\/www.w3.org\/2000\/svg\"><path d=\"M416 208H32c-17.67 0-32 14.33-32 32v32c0 17.67 14.33 32 32 32h384c17.67 0 32-14.33 32-32v-32c0-17.67-14.33-32-32-32z\"><\/path><\/svg><\/span>\n\t\t\t<span class='e-closed'><svg aria-hidden=\"true\" class=\"e-font-icon-svg e-far-arrow-alt-circle-right\" viewBox=\"0 0 512 512\" xmlns=\"http:\/\/www.w3.org\/2000\/svg\"><path d=\"M504 256C504 119 393 8 256 8S8 119 8 256s111 248 248 248 248-111 248-248zm-448 0c0-110.5 89.5-200 200-200s200 89.5 200 200-89.5 200-200 200S56 366.5 56 256zm72 20v-40c0-6.6 5.4-12 12-12h116v-67c0-10.7 12.9-16 20.5-8.5l99 99c4.7 4.7 4.7 12.3 0 17l-99 99c-7.6 7.6-20.5 2.2-20.5-8.5v-67H140c-6.6 0-12-5.4-12-12z\"><\/path><\/svg><\/span>\n\t\t<\/span>\n\n\t\t\t\t\t\t<\/summary>\n\t\t\t\t<div role=\"region\" aria-labelledby=\"e-n-accordion-item-7360\" class=\"elementor-element elementor-element-456b1e1 e-con-full e-flex e-con e-child\" data-id=\"456b1e1\" data-element_type=\"container\" data-e-type=\"container\" data-settings=\"{&quot;_ha_eqh_enable&quot;:false}\">\n\t\t\t\t<div class=\"elementor-element elementor-element-d3eed2c elementor-widget elementor-widget-n-accordion\" data-id=\"d3eed2c\" data-element_type=\"widget\" data-e-type=\"widget\" data-settings=\"{&quot;default_state&quot;:&quot;all_collapsed&quot;,&quot;max_items_expended&quot;:&quot;one&quot;,&quot;n_accordion_animation_duration&quot;:{&quot;unit&quot;:&quot;ms&quot;,&quot;size&quot;:400,&quot;sizes&quot;:[]}}\" data-widget_type=\"nested-accordion.default\">\n\t\t\t\t<div class=\"elementor-widget-container\">\n\t\t\t\t\t\t\t<div class=\"e-n-accordion\" aria-label=\"Accordion. Open links with Enter or Space, close with Escape, and navigate with Arrow Keys\">\n\t\t\t\t\t\t<details id=\"e-n-accordion-item-2220\" class=\"e-n-accordion-item\" >\n\t\t\t\t<summary class=\"e-n-accordion-item-title\" data-accordion-index=\"1\" tabindex=\"0\" aria-expanded=\"false\" aria-controls=\"e-n-accordion-item-2220\" >\n\t\t\t\t\t<span class='e-n-accordion-item-title-header'><div class=\"e-n-accordion-item-title-text\"> 2026 <\/div><\/span>\n\t\t\t\t\t\t\t<span class='e-n-accordion-item-title-icon'>\n\t\t\t<span class='e-opened' ><svg aria-hidden=\"true\" class=\"e-font-icon-svg e-fas-folder-open\" viewBox=\"0 0 576 512\" xmlns=\"http:\/\/www.w3.org\/2000\/svg\"><path d=\"M572.694 292.093L500.27 416.248A63.997 63.997 0 0 1 444.989 448H45.025c-18.523 0-30.064-20.093-20.731-36.093l72.424-124.155A64 64 0 0 1 152 256h399.964c18.523 0 30.064 20.093 20.73 36.093zM152 224h328v-48c0-26.51-21.49-48-48-48H272l-64-64H48C21.49 64 0 85.49 0 112v278.046l69.077-118.418C86.214 242.25 117.989 224 152 224z\"><\/path><\/svg><\/span>\n\t\t\t<span class='e-closed'><svg aria-hidden=\"true\" class=\"e-font-icon-svg e-fas-folder-minus\" viewBox=\"0 0 512 512\" xmlns=\"http:\/\/www.w3.org\/2000\/svg\"><path d=\"M464 128H272l-64-64H48C21.49 64 0 85.49 0 112v288c0 26.51 21.49 48 48 48h416c26.51 0 48-21.49 48-48V176c0-26.51-21.49-48-48-48zm-96 168c0 8.84-7.16 16-16 16H160c-8.84 0-16-7.16-16-16v-16c0-8.84 7.16-16 16-16h192c8.84 0 16 7.16 16 16v16z\"><\/path><\/svg><\/span>\n\t\t<\/span>\n\n\t\t\t\t\t\t<\/summary>\n\t\t\t\t<div role=\"region region\" aria-labelledby=\"e-n-accordion-item-7360 e-n-accordion-item-2220\" class=\"elementor-element elementor-element-9de97aa e-con-full e-flex e-con e-child\" data-id=\"9de97aa\" data-element_type=\"container\" data-e-type=\"container\" data-settings=\"{&quot;_ha_eqh_enable&quot;:false}\">\n\t\t<div role=\"region region\" aria-labelledby=\"e-n-accordion-item-7360 e-n-accordion-item-2220\" class=\"elementor-element elementor-element-c2b0520 e-flex e-con-boxed e-con e-child\" data-id=\"c2b0520\" data-element_type=\"container\" data-e-type=\"container\" data-settings=\"{&quot;_ha_eqh_enable&quot;:false}\">\n\t\t\t\t\t<div class=\"e-con-inner\">\n\t\t\t\t<div class=\"elementor-element elementor-element-05dbe7b elementor-widget elementor-widget-eael-adv-accordion\" data-id=\"05dbe7b\" data-element_type=\"widget\" data-e-type=\"widget\" data-widget_type=\"eael-adv-accordion.default\">\n\t\t\t\t<div class=\"elementor-widget-container\">\n\t\t\t\t\t            <div class=\"eael-adv-accordion\" id=\"eael-adv-accordion-05dbe7b\" data-scroll-on-click=\"no\" data-scroll-speed=\"300\" data-accordion-id=\"05dbe7b\" data-accordion-type=\"accordion\" data-toogle-speed=\"300\">\n            <div class=\"eael-accordion-list\">\n\t\t\t\t\t<div id=\"01a\" class=\"elementor-tab-title eael-accordion-header active-default\" tabindex=\"0\" data-tab=\"1\" aria-controls=\"elementor-tab-content-6141\"><span class=\"eael-advanced-accordion-icon-closed\"><svg aria-hidden=\"true\" class=\"fa-accordion-icon e-font-icon-svg e-fas-plus\" viewBox=\"0 0 448 512\" xmlns=\"http:\/\/www.w3.org\/2000\/svg\"><path d=\"M416 208H272V64c0-17.67-14.33-32-32-32h-32c-17.67 0-32 14.33-32 32v144H32c-17.67 0-32 14.33-32 32v32c0 17.67 14.33 32 32 32h144v144c0 17.67 14.33 32 32 32h32c17.67 0 32-14.33 32-32V304h144c17.67 0 32-14.33 32-32v-32c0-17.67-14.33-32-32-32z\"><\/path><\/svg><\/span><span class=\"eael-advanced-accordion-icon-opened\"><svg aria-hidden=\"true\" class=\"fa-accordion-icon e-font-icon-svg e-fas-minus\" viewBox=\"0 0 448 512\" xmlns=\"http:\/\/www.w3.org\/2000\/svg\"><path d=\"M416 208H32c-17.67 0-32 14.33-32 32v32c0 17.67 14.33 32 32 32h384c17.67 0 32-14.33 32-32v-32c0-17.67-14.33-32-32-32z\"><\/path><\/svg><\/span><span class=\"eael-accordion-tab-title\">01A.<\/span><svg aria-hidden=\"true\" class=\"fa-toggle e-font-icon-svg e-fas-angle-right\" viewBox=\"0 0 256 512\" xmlns=\"http:\/\/www.w3.org\/2000\/svg\"><path d=\"M224.3 273l-136 136c-9.4 9.4-24.6 9.4-33.9 0l-22.6-22.6c-9.4-9.4-9.4-24.6 0-33.9l96.4-96.4-96.4-96.4c-9.4-9.4-9.4-24.6 0-33.9L54.3 103c9.4-9.4 24.6-9.4 33.9 0l136 136c9.5 9.4 9.5 24.6.1 34z\"><\/path><\/svg><\/div><div id=\"elementor-tab-content-6141\" class=\"eael-accordion-content clearfix active-default\" data-tab=\"1\" aria-labelledby=\"01a\"><h5><a href=\"\/\/municipalidaddenebaj.com\/wp-content\/uploads\/2026\/02\/02A22026-DIRECCION-Y-TELEFONOS-COMUDE-2026.pdf\"><img  title=\"\" decoding=\"async\" class=\"alignnone\" src=\"https:\/\/municipalidaddenebaj.com\/wp-content\/uploads\/2025\/05\/formato-archivo-pdf-icono-3d_643365-529-1-594x594.png\"  alt=\"formato-archivo-pdf-icono-3d_643365-529-1-594x594 02A. Direcci\u00f3n y tel\u00e9fonos\"  width=\"72\" height=\"72\" \/><\/a><span style=\"color: #000000\"><a style=\"color: #000000\" href=\"https:\/\/municipalidaddenebaj.com\/wp-content\/uploads\/2026\/02\/02A22026-DIRECCION-Y-TELEFONOS-COMUDE-2026.pdf\">02A22026 DIRECCI\u00d3N Y TEL\u00c9FONOS COMUDE 2026<\/a><\/span><\/h5><\/div>\n\t\t\t\t\t<\/div><\/div>\t\t\t\t<\/div>\n\t\t\t\t<\/div>\n\t\t\t\t\t<\/div>\n\t\t\t\t<\/div>\n\t\t\t\t<\/div>\n\t\t\t\t\t<\/details>\n\t\t\t\t\t\t<details id=\"e-n-accordion-item-2221\" class=\"e-n-accordion-item\" >\n\t\t\t\t<summary class=\"e-n-accordion-item-title\" data-accordion-index=\"2\" tabindex=\"-1\" aria-expanded=\"false\" aria-controls=\"e-n-accordion-item-2221\" >\n\t\t\t\t\t<span class='e-n-accordion-item-title-header'><div class=\"e-n-accordion-item-title-text\"> 2025 <\/div><\/span>\n\t\t\t\t\t\t\t<span class='e-n-accordion-item-title-icon'>\n\t\t\t<span class='e-opened' ><svg aria-hidden=\"true\" class=\"e-font-icon-svg e-fas-folder-open\" viewBox=\"0 0 576 512\" xmlns=\"http:\/\/www.w3.org\/2000\/svg\"><path d=\"M572.694 292.093L500.27 416.248A63.997 63.997 0 0 1 444.989 448H45.025c-18.523 0-30.064-20.093-20.731-36.093l72.424-124.155A64 64 0 0 1 152 256h399.964c18.523 0 30.064 20.093 20.73 36.093zM152 224h328v-48c0-26.51-21.49-48-48-48H272l-64-64H48C21.49 64 0 85.49 0 112v278.046l69.077-118.418C86.214 242.25 117.989 224 152 224z\"><\/path><\/svg><\/span>\n\t\t\t<span class='e-closed'><svg aria-hidden=\"true\" class=\"e-font-icon-svg e-fas-folder-minus\" viewBox=\"0 0 512 512\" xmlns=\"http:\/\/www.w3.org\/2000\/svg\"><path d=\"M464 128H272l-64-64H48C21.49 64 0 85.49 0 112v288c0 26.51 21.49 48 48 48h416c26.51 0 48-21.49 48-48V176c0-26.51-21.49-48-48-48zm-96 168c0 8.84-7.16 16-16 16H160c-8.84 0-16-7.16-16-16v-16c0-8.84 7.16-16 16-16h192c8.84 0 16 7.16 16 16v16z\"><\/path><\/svg><\/span>\n\t\t<\/span>\n\n\t\t\t\t\t\t<\/summary>\n\t\t\t\t<div role=\"region region\" aria-labelledby=\"e-n-accordion-item-7360 e-n-accordion-item-2221\" class=\"elementor-element elementor-element-62b59c3 e-con-full e-flex e-con e-child\" data-id=\"62b59c3\" data-element_type=\"container\" data-e-type=\"container\" data-settings=\"{&quot;_ha_eqh_enable&quot;:false}\">\n\t\t<div role=\"region region\" aria-labelledby=\"e-n-accordion-item-7360 e-n-accordion-item-2221\" class=\"elementor-element elementor-element-6175cf7 e-flex e-con-boxed e-con e-child\" data-id=\"6175cf7\" data-element_type=\"container\" data-e-type=\"container\" data-settings=\"{&quot;_ha_eqh_enable&quot;:false}\">\n\t\t\t\t\t<div class=\"e-con-inner\">\n\t\t\t\t<div class=\"elementor-element elementor-element-ebd6082 elementor-widget elementor-widget-eael-adv-accordion\" data-id=\"ebd6082\" data-element_type=\"widget\" data-e-type=\"widget\" data-widget_type=\"eael-adv-accordion.default\">\n\t\t\t\t<div class=\"elementor-widget-container\">\n\t\t\t\t\t            <div class=\"eael-adv-accordion\" id=\"eael-adv-accordion-ebd6082\" data-scroll-on-click=\"no\" data-scroll-speed=\"300\" data-accordion-id=\"ebd6082\" data-accordion-type=\"accordion\" data-toogle-speed=\"300\">\n            <div class=\"eael-accordion-list\">\n\t\t\t\t\t<div id=\"haz-clic-aqui\" class=\"elementor-tab-title eael-accordion-header\" tabindex=\"0\" data-tab=\"1\" aria-controls=\"elementor-tab-content-2471\"><span class=\"eael-accordion-tab-title\">HAZ CLIC AQUI<\/span><svg aria-hidden=\"true\" class=\"fa-toggle e-font-icon-svg e-fas-angle-right\" viewBox=\"0 0 256 512\" xmlns=\"http:\/\/www.w3.org\/2000\/svg\"><path d=\"M224.3 273l-136 136c-9.4 9.4-24.6 9.4-33.9 0l-22.6-22.6c-9.4-9.4-9.4-24.6 0-33.9l96.4-96.4-96.4-96.4c-9.4-9.4-9.4-24.6 0-33.9L54.3 103c9.4-9.4 24.6-9.4 33.9 0l136 136c9.5 9.4 9.5 24.6.1 34z\"><\/path><\/svg><\/div><div id=\"elementor-tab-content-2471\" class=\"eael-accordion-content clearfix\" data-tab=\"1\" aria-labelledby=\"haz-clic-aqui\"><p>ENERO<\/p><h5><a href=\"https:\/\/municipalidaddenebaj.com\/wp-content\/uploads\/2025\/05\/comude.pdf\"><img decoding=\"async\" class=\"alignnone\"  title=\"\"  src=\"https:\/\/municipalidaddenebaj.com\/wp-content\/uploads\/2025\/05\/formato-archivo-pdf-icono-3d_643365-529-1-594x594.png\"  alt=\"formato-archivo-pdf-icono-3d_643365-529-1-594x594 02A. Direcci\u00f3n y tel\u00e9fonos\"  width=\"72\" height=\"72\" \/><\/a><strong><a href=\"https:\/\/municipalidaddenebaj.com\/wp-content\/uploads\/2025\/05\/comude.pdf\">01C2025\u00a0 DRIRECTORIOS DE COMUDE<\/a><\/strong><\/h5><h5><a href=\"https:\/\/municipalidaddenebaj.com\/wp-content\/uploads\/2025\/02\/NUMERAL-3-ENERO-rotado.pdf\"><img decoding=\"async\" class=\"alignnone\"  title=\"\"  src=\"https:\/\/municipalidaddenebaj.com\/wp-content\/uploads\/2025\/05\/formato-archivo-pdf-icono-3d_643365-529-1-594x594.png\"  alt=\"formato-archivo-pdf-icono-3d_643365-529-1-594x594 02A. Direcci\u00f3n y tel\u00e9fonos\"  width=\"72\" height=\"72\" \/><\/a><strong><a href=\"https:\/\/municipalidaddenebaj.com\/wp-content\/uploads\/2025\/02\/NUMERAL-3-ENERO-rotado.pdf\">03A012025 DIRECTORIOS DE EMPLEADOS<\/a><\/strong><\/h5><p>FEBRERO<\/p><h5><a href=\"https:\/\/municipalidaddenebaj.com\/wp-content\/uploads\/2025\/04\/NUMERAL-3-1-compressed_compressed.pdf\"><img decoding=\"async\" class=\"alignnone\"  title=\"\"  src=\"https:\/\/municipalidaddenebaj.com\/wp-content\/uploads\/2025\/05\/formato-archivo-pdf-icono-3d_643365-529-1-594x594.png\"  alt=\"formato-archivo-pdf-icono-3d_643365-529-1-594x594 02A. Direcci\u00f3n y tel\u00e9fonos\"  width=\"72\" height=\"72\" \/><\/a><a href=\"https:\/\/municipalidaddenebaj.com\/wp-content\/uploads\/2025\/04\/NUMERAL-3-1-compressed_compressed.pdf\"><strong>03A012025 DIRECTORIOS DE EMPLEADOS<\/strong><\/a><\/h5><p>MARZO<\/p><h5><a href=\"https:\/\/municipalidaddenebaj.com\/wp-content\/uploads\/2025\/04\/NUMERAL-3-MARZO_compressed.pdf\"><img decoding=\"async\" class=\"alignnone\"  title=\"\"  src=\"https:\/\/municipalidaddenebaj.com\/wp-content\/uploads\/2025\/05\/formato-archivo-pdf-icono-3d_643365-529-1-594x594.png\"  alt=\"formato-archivo-pdf-icono-3d_643365-529-1-594x594 02A. Direcci\u00f3n y tel\u00e9fonos\"  width=\"72\" height=\"72\" \/><\/a><a href=\"https:\/\/municipalidaddenebaj.com\/wp-content\/uploads\/2025\/04\/NUMERAL-3-MARZO_compressed.pdf\"><strong>03A012025 DIRECTORIOS DE EMPLEADOS<\/strong>\u00a0<\/a><\/h5><p>ABRIL<\/p><h5><a href=\"https:\/\/municipalidaddenebaj.com\/wp-content\/uploads\/2025\/05\/NUMERAL-3-ABRIL-rotado.pdf\"><img decoding=\"async\" class=\"alignnone\"  title=\"\"  src=\"https:\/\/municipalidaddenebaj.com\/wp-content\/uploads\/2025\/05\/formato-archivo-pdf-icono-3d_643365-529-1-594x594.png\"  alt=\"formato-archivo-pdf-icono-3d_643365-529-1-594x594 02A. Direcci\u00f3n y tel\u00e9fonos\"  width=\"72\" height=\"72\" \/><\/a><strong><a href=\"https:\/\/municipalidaddenebaj.com\/wp-content\/uploads\/2025\/05\/NUMERAL-3-ABRIL-rotado.pdf\">03A012025 DIRECTORIOS DE EMPLEADOS<\/a><\/strong><\/h5><\/div>\n\t\t\t\t\t<\/div><\/div>\t\t\t\t<\/div>\n\t\t\t\t<\/div>\n\t\t\t\t\t<\/div>\n\t\t\t\t<\/div>\n\t\t\t\t<\/div>\n\t\t\t\t\t<\/details>\n\t\t\t\t\t\t<details id=\"e-n-accordion-item-2222\" class=\"e-n-accordion-item\" >\n\t\t\t\t<summary class=\"e-n-accordion-item-title\" data-accordion-index=\"3\" tabindex=\"-1\" aria-expanded=\"false\" aria-controls=\"e-n-accordion-item-2222\" >\n\t\t\t\t\t<span class='e-n-accordion-item-title-header'><div class=\"e-n-accordion-item-title-text\"> 2024 <\/div><\/span>\n\t\t\t\t\t\t\t<span class='e-n-accordion-item-title-icon'>\n\t\t\t<span class='e-opened' ><svg aria-hidden=\"true\" class=\"e-font-icon-svg e-fas-folder-open\" viewBox=\"0 0 576 512\" xmlns=\"http:\/\/www.w3.org\/2000\/svg\"><path d=\"M572.694 292.093L500.27 416.248A63.997 63.997 0 0 1 444.989 448H45.025c-18.523 0-30.064-20.093-20.731-36.093l72.424-124.155A64 64 0 0 1 152 256h399.964c18.523 0 30.064 20.093 20.73 36.093zM152 224h328v-48c0-26.51-21.49-48-48-48H272l-64-64H48C21.49 64 0 85.49 0 112v278.046l69.077-118.418C86.214 242.25 117.989 224 152 224z\"><\/path><\/svg><\/span>\n\t\t\t<span class='e-closed'><svg aria-hidden=\"true\" class=\"e-font-icon-svg e-fas-folder-minus\" viewBox=\"0 0 512 512\" xmlns=\"http:\/\/www.w3.org\/2000\/svg\"><path d=\"M464 128H272l-64-64H48C21.49 64 0 85.49 0 112v288c0 26.51 21.49 48 48 48h416c26.51 0 48-21.49 48-48V176c0-26.51-21.49-48-48-48zm-96 168c0 8.84-7.16 16-16 16H160c-8.84 0-16-7.16-16-16v-16c0-8.84 7.16-16 16-16h192c8.84 0 16 7.16 16 16v16z\"><\/path><\/svg><\/span>\n\t\t<\/span>\n\n\t\t\t\t\t\t<\/summary>\n\t\t\t\t<div role=\"region region\" aria-labelledby=\"e-n-accordion-item-7360 e-n-accordion-item-2222\" class=\"elementor-element elementor-element-30ad94c e-con-full e-flex e-con e-child\" data-id=\"30ad94c\" data-element_type=\"container\" data-e-type=\"container\" data-settings=\"{&quot;_ha_eqh_enable&quot;:false}\">\n\t\t<div role=\"region region\" aria-labelledby=\"e-n-accordion-item-7360 e-n-accordion-item-2222\" class=\"elementor-element elementor-element-6a13fa7 e-flex e-con-boxed e-con e-child\" data-id=\"6a13fa7\" data-element_type=\"container\" data-e-type=\"container\" data-settings=\"{&quot;_ha_eqh_enable&quot;:false}\">\n\t\t\t\t\t<div class=\"e-con-inner\">\n\t\t\t\t<div class=\"elementor-element elementor-element-e17352d elementor-widget elementor-widget-eael-adv-accordion\" data-id=\"e17352d\" data-element_type=\"widget\" data-e-type=\"widget\" data-widget_type=\"eael-adv-accordion.default\">\n\t\t\t\t<div class=\"elementor-widget-container\">\n\t\t\t\t\t            <div class=\"eael-adv-accordion\" id=\"eael-adv-accordion-e17352d\" data-scroll-on-click=\"no\" data-scroll-speed=\"300\" data-accordion-id=\"e17352d\" data-accordion-type=\"accordion\" data-toogle-speed=\"300\">\n            <div class=\"eael-accordion-list\">\n\t\t\t\t\t<div id=\"haz-clic-aqui\" class=\"elementor-tab-title eael-accordion-header\" tabindex=\"0\" data-tab=\"1\" aria-controls=\"elementor-tab-content-2361\"><span class=\"eael-accordion-tab-title\">HAZ CLIC AQUI<\/span><svg aria-hidden=\"true\" class=\"fa-toggle e-font-icon-svg e-fas-angle-right\" viewBox=\"0 0 256 512\" xmlns=\"http:\/\/www.w3.org\/2000\/svg\"><path d=\"M224.3 273l-136 136c-9.4 9.4-24.6 9.4-33.9 0l-22.6-22.6c-9.4-9.4-9.4-24.6 0-33.9l96.4-96.4-96.4-96.4c-9.4-9.4-9.4-24.6 0-33.9L54.3 103c9.4-9.4 24.6-9.4 33.9 0l136 136c9.5 9.4 9.5 24.6.1 34z\"><\/path><\/svg><\/div><div id=\"elementor-tab-content-2361\" class=\"eael-accordion-content clearfix\" data-tab=\"1\" aria-labelledby=\"haz-clic-aqui\"><ul><li><a href=\"https:\/\/municipalidaddenebaj.com\/wp-content\/uploads\/2024\/06\/COMUDE-4-rotado.pdf\"><strong>04012024 DIRECTORIOS DE COMUDE.<\/strong><\/a><\/li><li><strong><a href=\"https:\/\/municipalidaddenebaj.com\/wp-content\/uploads\/2024\/06\/ALCALDE-rotado-1.pdf\">05A012024 DIRECCI\u00d3N COMUDE INTEGRANTES\u00a0<\/a><\/strong><\/li><li><strong><a href=\"https:\/\/municipalidaddenebaj.com\/wp-content\/uploads\/2024\/02\/02B2024-DIRECCION-Y-TELEFONO-COMUDE-2024-rotado.pdf\">04B012024 DIRECCI\u00d2N Y TELEFONO COMUDE<\/a><\/strong><\/li><li><strong><a href=\"https:\/\/municipalidaddenebaj.com\/wp-content\/uploads\/2024\/02\/DIRECCION-Y-TELEFONO.pdf\">0401C2024 NOTA DE JUSTIFICACI\u00d3N COMUDE<\/a><\/strong><\/li><li><strong><a href=\"https:\/\/municipalidaddenebaj.com\/wp-content\/uploads\/2024\/02\/29B012024-ACTA-COMUDE-2024.pdf\">02D2024 ACTAS COMUDE 2024<\/a><\/strong><\/li><\/ul><ul><li><strong><a href=\"https:\/\/municipalidaddenebaj.com\/wp-content\/uploads\/2024\/02\/NUMERAL-2-2024.pdf\">02A2024 DIRECTORIO DE LA ENTIDAD\u00a0<\/a><\/strong><\/li><li><strong><a href=\"https:\/\/municipalidaddenebaj.com\/wp-content\/uploads\/2024\/02\/NOTA-DE-JUSTIFICACION-NUMERL-2-.pdf\">NOTA DE JUSTIFICACI\u00d3N<\/a><\/strong><\/li><\/ul><\/div>\n\t\t\t\t\t<\/div><\/div>\t\t\t\t<\/div>\n\t\t\t\t<\/div>\n\t\t\t\t\t<\/div>\n\t\t\t\t<\/div>\n\t\t\t\t<\/div>\n\t\t\t\t\t<\/details>\n\t\t\t\t\t<\/div>\n\t\t\t\t\t\t<\/div>\n\t\t\t\t<\/div>\n\t\t\t\t<\/div>\n\t\t\t\t\t<\/details>\n\t\t\t\t\t<\/div>\n\t\t\t\t\t\t<\/div>\n\t\t\t\t<\/div>\n\t\t\t\t\t<\/div>\n\t\t\t\t<\/div>\n\t\t\t\t<\/div>\n\t\t","protected":false},"excerpt":{"rendered":"<p>REGRESAR A MEN\u00da 02A. DIRECCI\u00d3N Y TELEFONOS 2026 01A. 02A22026 DIRECCI\u00d3N Y TEL\u00c9FONOS COMUDE 2026&#8230;<\/p>\n","protected":false},"author":4,"featured_media":0,"parent":0,"menu_order":0,"comment_status":"closed","ping_status":"closed","template":"","meta":{"_eb_attr":"","_monsterinsights_skip_tracking":false,"_monsterinsights_sitenote_active":false,"_monsterinsights_sitenote_note":"","_monsterinsights_sitenote_category":0,"footnotes":""},"class_list":["post-58628","page","type-page","status-publish","hentry"],"_links":{"self":[{"href":"https:\/\/municipalidaddenebaj.com\/index.php?rest_route=\/wp\/v2\/pages\/58628","targetHints":{"allow":["GET"]}}],"collection":[{"href":"https:\/\/municipalidaddenebaj.com\/index.php?rest_route=\/wp\/v2\/pages"}],"about":[{"href":"https:\/\/municipalidaddenebaj.com\/index.php?rest_route=\/wp\/v2\/types\/page"}],"author":[{"embeddable":true,"href":"https:\/\/municipalidaddenebaj.com\/index.php?rest_route=\/wp\/v2\/users\/4"}],"replies":[{"embeddable":true,"href":"https:\/\/municipalidaddenebaj.com\/index.php?rest_route=%2Fwp%2Fv2%2Fcomments&post=58628"}],"version-history":[{"count":0,"href":"https:\/\/municipalidaddenebaj.com\/index.php?rest_route=\/wp\/v2\/pages\/58628\/revisions"}],"wp:attachment":[{"href":"https:\/\/municipalidaddenebaj.com\/index.php?rest_route=%2Fwp%2Fv2%2Fmedia&parent=58628"}],"curies":[{"name":"wp","href":"https:\/\/api.w.org\/{rel}","templated":true}]}}